{"id":69,"date":"2025-11-07T12:18:03","date_gmt":"2025-11-07T12:18:03","guid":{"rendered":"https:\/\/folyokesimmakinesi.com\/index.php\/sepet\/"},"modified":"2025-11-11T07:42:14","modified_gmt":"2025-11-11T07:42:14","slug":"sepet","status":"publish","type":"page","link":"https:\/\/folyokesimmakinesi.com\/index.php\/sepet\/","title":{"rendered":"Sepet"},"content":{"rendered":"\n<div data-block-name=\"woocommerce\/cart\" class=\"wp-block-woocommerce-cart alignwide is-loading\">\n<div data-block-name=\"woocommerce\/filled-cart-block\" class=\"wp-block-woocommerce-filled-cart-block\">\n<div data-block-name=\"woocommerce\/cart-items-block\" class=\"wp-block-woocommerce-cart-items-block\">\n<div data-block-name=\"woocommerce\/cart-line-items-block\" class=\"wp-block-woocommerce-cart-line-items-block\"><\/div>\n\n\n<\/div>\n\n\n\n\n<div data-block-name=\"woocommerce\/cart-totals-block\" class=\"wp-block-woocommerce-cart-totals-block\">\n<div data-block-name=\"woocommerce\/cart-order-summary-block\" class=\"wp-block-woocommerce-cart-order-summary-block\">\n<div data-block-name=\"woocommerce\/cart-order-summary-heading-block\" class=\"wp-block-woocommerce-cart-order-summary-heading-block\"><\/div><div data-block-name=\"woocommerce\/cart-order-summary-coupon-form-block\" class=\"wp-block-woocommerce-cart-order-summary-coupon-form-block\"><\/div><div data-block-name=\"woocommerce\/cart-order-summary-totals-block\" class=\"wp-block-woocommerce-cart-order-summary-totals-block\">\n<div data-block-name=\"woocommerce\/cart-order-summary-subtotal-block\" class=\"wp-block-woocommerce-cart-order-summary-subtotal-block\"><\/div>\n<div data-block-name=\"woocommerce\/cart-order-summary-discount-block\" class=\"wp-block-woocommerce-cart-order-summary-discount-block\"><\/div>\n<div data-block-name=\"woocommerce\/cart-order-summary-fee-block\" class=\"wp-block-woocommerce-cart-order-summary-fee-block\"><\/div>\n<div data-block-name=\"woocommerce\/cart-order-summary-shipping-block\" class=\"wp-block-woocommerce-cart-order-summary-shipping-block\"><\/div>\n<div data-block-name=\"woocommerce\/cart-order-summary-taxes-block\" class=\"wp-block-woocommerce-cart-order-summary-taxes-block\"><\/div><\/div>\n<\/div>\n\n\n\n<div data-block-name=\"woocommerce\/cart-express-payment-block\" class=\"wp-block-woocommerce-cart-express-payment-block\"><\/div>\n\n\n\n<div data-block-name=\"woocommerce\/proceed-to-checkout-block\" class=\"wp-block-woocommerce-proceed-to-checkout-block\"><\/div>\n<div id=\"ppcp-recaptcha-v2-container\" style=\"margin:20px 0;\"><\/div>\n\n\n<div data-block-name=\"woocommerce\/cart-accepted-payment-methods-block\" class=\"wp-block-woocommerce-cart-accepted-payment-methods-block\"><\/div>\n<\/div>\n<\/div>\n\n\n\n<div data-block-name=\"woocommerce\/empty-cart-block\" class=\"wp-block-woocommerce-empty-cart-block\">\n<h2 class=\"wp-block-heading has-text-align-center with-empty-cart-icon wc-block-cart__empty-cart__title\">Sepetiniz \u015fu anda bo\u015f!<\/h2>\n\n\n\n<hr class=\"wp-block-separator has-alpha-channel-opacity is-style-dots\"\/>\n\n\n\n<h2 class=\"wp-block-heading has-text-align-center\">Ma\u011fazada yeni<\/h2>\n\n\n<div data-block-name=\"woocommerce\/product-new\" data-columns=\"4\" data-rows=\"1\" class=\"wc-block-grid wp-block-product-new wp-block-woocommerce-product-new wc-block-product-new has-4-columns\"><ul class=\"wc-block-grid__products\"><li class=\"wc-block-grid__product\">\n\t\t\t\t<a href=\"https:\/\/folyokesimmakinesi.com\/index.php\/urun\/175-cm-ppf-folyo-kesim-makinesi-plotter\/\" class=\"wc-block-grid__product-link\">\n\t\t\t\t\t<div class=\"wc-block-grid__product-onsale\">\n\t\t\t<span aria-hidden=\"true\">\u0130ndirim<\/span>\n\t\t\t<span class=\"screen-reader-text\">\u0130ndirimdeki \u00fcr\u00fcn<\/span>\n\t\t<\/div>\n\t\t\t\t\t<div class=\"wc-block-grid__product-image\"><img loading=\"lazy\" decoding=\"async\" width=\"300\" height=\"300\" src=\"https:\/\/folyokesimmakinesi.com\/wp-content\/uploads\/2025\/12\/Gri-Modern-Mobilya-Urun-Tanitimi-Instagram-Gonderisi-7-300x300.png\" class=\"attachment-woocommerce_thumbnail size-woocommerce_thumbnail\" alt=\"175 CM PPF\/FOLYO KES\u0130M MAK\u0130NES\u0130 PLOTTER\" srcset=\"https:\/\/folyokesimmakinesi.com\/wp-content\/uploads\/2025\/12\/Gri-Modern-Mobilya-Urun-Tanitimi-Instagram-Gonderisi-7-300x300.png 300w, https:\/\/folyokesimmakinesi.com\/wp-content\/uploads\/2025\/12\/Gri-Modern-Mobilya-Urun-Tanitimi-Instagram-Gonderisi-7-1024x1024.png 1024w, https:\/\/folyokesimmakinesi.com\/wp-content\/uploads\/2025\/12\/Gri-Modern-Mobilya-Urun-Tanitimi-Instagram-Gonderisi-7-150x150.png 150w, https:\/\/folyokesimmakinesi.com\/wp-content\/uploads\/2025\/12\/Gri-Modern-Mobilya-Urun-Tanitimi-Instagram-Gonderisi-7-768x768.png 768w, https:\/\/folyokesimmakinesi.com\/wp-content\/uploads\/2025\/12\/Gri-Modern-Mobilya-Urun-Tanitimi-Instagram-Gonderisi-7-600x600.png 600w, https:\/\/folyokesimmakinesi.com\/wp-content\/uploads\/2025\/12\/Gri-Modern-Mobilya-Urun-Tanitimi-Instagram-Gonderisi-7-100x100.png 100w, https:\/\/folyokesimmakinesi.com\/wp-content\/uploads\/2025\/12\/Gri-Modern-Mobilya-Urun-Tanitimi-Instagram-Gonderisi-7.png 1080w\" sizes=\"(max-width: 300px) 100vw, 300px\" \/><\/div>\n\t\t\t\t\t<div class=\"wc-block-grid__product-title\">175 CM PPF\/FOLYO KES\u0130M MAK\u0130NES\u0130 PLOTTER<\/div>\n\t\t\t\t<\/a>\n\t\t\t\t<div class=\"wc-block-grid__product-price price\"><del aria-hidden=\"true\"><span class=\"woocommerce-Price-amount amount\"><span class=\"woocommerce-Price-currencySymbol\">&#036;<\/span>3.500,00<\/span><\/del> <span class=\"screen-reader-text\">Orijinal fiyat: &#036;3.500,00.<\/span><ins aria-hidden=\"true\"><span class=\"woocommerce-Price-amount amount\"><span class=\"woocommerce-Price-currencySymbol\">&#036;<\/span>2.750,00<\/span><\/ins><span class=\"screen-reader-text\">\u015eu andaki fiyat: &#036;2.750,00.<\/span><\/div>\n\t\t\t\t\n\t\t\t\t<div class=\"wp-block-button wc-block-grid__product-add-to-cart\"><a href=\"\/index.php\/wp-json\/wp\/v2\/pages\/69?add-to-cart=1404\" aria-label=\"Sepete ekle: \u201c175 CM PPF\/FOLYO KES\u0130M MAK\u0130NES\u0130 PLOTTER\u201d\" data-quantity=\"1\" data-product_id=\"1404\" data-product_sku=\"\" data-price=\"2750\" rel=\"nofollow\" class=\"wp-block-button__link  add_to_cart_button ajax_add_to_cart\">Sepete Ekle<\/a><\/div>\n\t\t\t<\/li><li class=\"wc-block-grid__product\">\n\t\t\t\t<a href=\"https:\/\/folyokesimmakinesi.com\/index.php\/urun\/33x40-otomatik-beslemeli-etiket-kesim-makinesi-beyaz\/\" class=\"wc-block-grid__product-link\">\n\t\t\t\t\t<div class=\"wc-block-grid__product-onsale\">\n\t\t\t<span aria-hidden=\"true\">\u0130ndirim<\/span>\n\t\t\t<span class=\"screen-reader-text\">\u0130ndirimdeki \u00fcr\u00fcn<\/span>\n\t\t<\/div>\n\t\t\t\t\t<div class=\"wc-block-grid__product-image\"><img loading=\"lazy\" decoding=\"async\" width=\"300\" height=\"300\" src=\"https:\/\/folyokesimmakinesi.com\/wp-content\/uploads\/2025\/08\/fc350dc-dual-heads-a3-auto-feeding-cutterce1d469d-10b2-4f69-bf52-69ec296fba48-300x300.jpeg\" class=\"attachment-woocommerce_thumbnail size-woocommerce_thumbnail\" alt=\"33X40 OTOMATIK BESLEMEL\u0130 ET\u0130KET KES\u0130M MAK\u0130NES\u0130\" srcset=\"https:\/\/folyokesimmakinesi.com\/wp-content\/uploads\/2025\/08\/fc350dc-dual-heads-a3-auto-feeding-cutterce1d469d-10b2-4f69-bf52-69ec296fba48-300x300.jpeg 300w, https:\/\/folyokesimmakinesi.com\/wp-content\/uploads\/2025\/08\/fc350dc-dual-heads-a3-auto-feeding-cutterce1d469d-10b2-4f69-bf52-69ec296fba48-150x150.jpeg 150w, https:\/\/folyokesimmakinesi.com\/wp-content\/uploads\/2025\/08\/fc350dc-dual-heads-a3-auto-feeding-cutterce1d469d-10b2-4f69-bf52-69ec296fba48-100x100.jpeg 100w\" sizes=\"(max-width: 300px) 100vw, 300px\" \/><\/div>\n\t\t\t\t\t<div class=\"wc-block-grid__product-title\">33X40 OTOMATIK BESLEMEL\u0130 ET\u0130KET KES\u0130M MAK\u0130NES\u0130<\/div>\n\t\t\t\t<\/a>\n\t\t\t\t<div class=\"wc-block-grid__product-price price\"><del aria-hidden=\"true\"><span class=\"woocommerce-Price-amount amount\"><span class=\"woocommerce-Price-currencySymbol\">&#036;<\/span>2.750,00<\/span><\/del> <span class=\"screen-reader-text\">Orijinal fiyat: &#036;2.750,00.<\/span><ins aria-hidden=\"true\"><span class=\"woocommerce-Price-amount amount\"><span class=\"woocommerce-Price-currencySymbol\">&#036;<\/span>2.200,00<\/span><\/ins><span class=\"screen-reader-text\">\u015eu andaki fiyat: &#036;2.200,00.<\/span><\/div>\n\t\t\t\t\n\t\t\t\t<div class=\"wp-block-button wc-block-grid__product-add-to-cart\"><a href=\"\/index.php\/wp-json\/wp\/v2\/pages\/69?add-to-cart=1296\" aria-label=\"Sepete ekle: \u201c33X40 OTOMATIK BESLEMEL\u0130 ET\u0130KET KES\u0130M MAK\u0130NES\u0130\u201d\" data-quantity=\"1\" data-product_id=\"1296\" data-product_sku=\"\" data-price=\"2200\" rel=\"nofollow\" class=\"wp-block-button__link  add_to_cart_button ajax_add_to_cart\">Sepete Ekle<\/a><\/div>\n\t\t\t<\/li><li class=\"wc-block-grid__product\">\n\t\t\t\t<a href=\"https:\/\/folyokesimmakinesi.com\/index.php\/urun\/33x40-otomatik-beslemeli-etiket-kesim-makinesi-2\/\" class=\"wc-block-grid__product-link\">\n\t\t\t\t\t<div class=\"wc-block-grid__product-onsale\">\n\t\t\t<span aria-hidden=\"true\">\u0130ndirim<\/span>\n\t\t\t<span class=\"screen-reader-text\">\u0130ndirimdeki \u00fcr\u00fcn<\/span>\n\t\t<\/div>\n\t\t\t\t\t<div class=\"wc-block-grid__product-image\"><img loading=\"lazy\" decoding=\"async\" width=\"300\" height=\"300\" src=\"https:\/\/folyokesimmakinesi.com\/wp-content\/uploads\/2025\/08\/fs350dc-a3-auto-feeding-vinyl-cutter-servof952573a-fccf-4223-ac56-ac4400561142-300x300.jpeg\" class=\"attachment-woocommerce_thumbnail size-woocommerce_thumbnail\" alt=\"33X40 OTOMATIK BESLEMEL\u0130 ET\u0130KET KES\u0130M MAK\u0130NES\u0130\" srcset=\"https:\/\/folyokesimmakinesi.com\/wp-content\/uploads\/2025\/08\/fs350dc-a3-auto-feeding-vinyl-cutter-servof952573a-fccf-4223-ac56-ac4400561142-300x300.jpeg 300w, https:\/\/folyokesimmakinesi.com\/wp-content\/uploads\/2025\/08\/fs350dc-a3-auto-feeding-vinyl-cutter-servof952573a-fccf-4223-ac56-ac4400561142-150x150.jpeg 150w, https:\/\/folyokesimmakinesi.com\/wp-content\/uploads\/2025\/08\/fs350dc-a3-auto-feeding-vinyl-cutter-servof952573a-fccf-4223-ac56-ac4400561142-100x100.jpeg 100w\" sizes=\"(max-width: 300px) 100vw, 300px\" \/><\/div>\n\t\t\t\t\t<div class=\"wc-block-grid__product-title\">33X40 OTOMATIK BESLEMEL\u0130 ET\u0130KET KES\u0130M MAK\u0130NES\u0130<\/div>\n\t\t\t\t<\/a>\n\t\t\t\t<div class=\"wc-block-grid__product-price price\"><del aria-hidden=\"true\"><span class=\"woocommerce-Price-amount amount\"><span class=\"woocommerce-Price-currencySymbol\">&#036;<\/span>2.750,00<\/span><\/del> <span class=\"screen-reader-text\">Orijinal fiyat: &#036;2.750,00.<\/span><ins aria-hidden=\"true\"><span class=\"woocommerce-Price-amount amount\"><span class=\"woocommerce-Price-currencySymbol\">&#036;<\/span>2.200,00<\/span><\/ins><span class=\"screen-reader-text\">\u015eu andaki fiyat: &#036;2.200,00.<\/span><\/div>\n\t\t\t\t\n\t\t\t\t<div class=\"wp-block-button wc-block-grid__product-add-to-cart\"><a href=\"\/index.php\/wp-json\/wp\/v2\/pages\/69?add-to-cart=1295\" aria-label=\"Sepete ekle: \u201c33X40 OTOMATIK BESLEMEL\u0130 ET\u0130KET KES\u0130M MAK\u0130NES\u0130\u201d\" data-quantity=\"1\" data-product_id=\"1295\" data-product_sku=\"\" data-price=\"2200\" rel=\"nofollow\" class=\"wp-block-button__link  add_to_cart_button ajax_add_to_cart\">Sepete Ekle<\/a><\/div>\n\t\t\t<\/li><li class=\"wc-block-grid__product\">\n\t\t\t\t<a href=\"https:\/\/folyokesimmakinesi.com\/index.php\/urun\/compass-uv-baski-makinesi\/\" class=\"wc-block-grid__product-link\">\n\t\t\t\t\t<div class=\"wc-block-grid__product-onsale\">\n\t\t\t<span aria-hidden=\"true\">\u0130ndirim<\/span>\n\t\t\t<span class=\"screen-reader-text\">\u0130ndirimdeki \u00fcr\u00fcn<\/span>\n\t\t<\/div>\n\t\t\t\t\t<div class=\"wc-block-grid__product-image\"><img loading=\"lazy\" decoding=\"async\" width=\"300\" height=\"300\" src=\"https:\/\/folyokesimmakinesi.com\/wp-content\/uploads\/2025\/08\/OLYMPOSUV-e1756545923996-300x300.png\" class=\"attachment-woocommerce_thumbnail size-woocommerce_thumbnail\" alt=\"COMPASS UV BASKI MAK\u0130NES\u0130\" srcset=\"https:\/\/folyokesimmakinesi.com\/wp-content\/uploads\/2025\/08\/OLYMPOSUV-e1756545923996-300x300.png 300w, https:\/\/folyokesimmakinesi.com\/wp-content\/uploads\/2025\/08\/OLYMPOSUV-e1756545923996-150x150.png 150w, https:\/\/folyokesimmakinesi.com\/wp-content\/uploads\/2025\/08\/OLYMPOSUV-e1756545923996-100x100.png 100w\" sizes=\"(max-width: 300px) 100vw, 300px\" \/><\/div>\n\t\t\t\t\t<div class=\"wc-block-grid__product-title\">COMPASS UV BASKI MAK\u0130NES\u0130<\/div>\n\t\t\t\t<\/a>\n\t\t\t\t<div class=\"wc-block-grid__product-price price\"><del aria-hidden=\"true\"><span class=\"woocommerce-Price-amount amount\"><span class=\"woocommerce-Price-currencySymbol\">&#036;<\/span>17.000,00<\/span><\/del> <span class=\"screen-reader-text\">Orijinal fiyat: &#036;17.000,00.<\/span><ins aria-hidden=\"true\"><span class=\"woocommerce-Price-amount amount\"><span class=\"woocommerce-Price-currencySymbol\">&#036;<\/span>12.000,00<\/span><\/ins><span class=\"screen-reader-text\">\u015eu andaki fiyat: &#036;12.000,00.<\/span><\/div>\n\t\t\t\t\n\t\t\t\t<div class=\"wp-block-button wc-block-grid__product-add-to-cart\"><a href=\"\/index.php\/wp-json\/wp\/v2\/pages\/69?add-to-cart=1294\" aria-label=\"Sepete ekle: \u201cCOMPASS UV BASKI MAK\u0130NES\u0130\u201d\" data-quantity=\"1\" data-product_id=\"1294\" data-product_sku=\"\" data-price=\"12000\" rel=\"nofollow\" class=\"wp-block-button__link  add_to_cart_button ajax_add_to_cart\">Sepete Ekle<\/a><\/div>\n\t\t\t<\/li><\/ul><\/div><\/div>\n<\/div>\n","protected":false},"excerpt":{"rendered":"","protected":false},"author":1,"featured_media":0,"parent":0,"menu_order":0,"comment_status":"closed","ping_status":"closed","template":"","meta":{"saved_in_kubio":false,"footnotes":""},"class_list":["post-69","page","type-page","status-publish","hentry"],"kubio_ai_page_context":{"short_desc":"","purpose":"general"},"jetpack_sharing_enabled":true,"_links":{"self":[{"href":"https:\/\/folyokesimmakinesi.com\/index.php\/wp-json\/wp\/v2\/pages\/69","targetHints":{"allow":["GET"]}}],"collection":[{"href":"https:\/\/folyokesimmakinesi.com\/index.php\/wp-json\/wp\/v2\/pages"}],"about":[{"href":"https:\/\/folyokesimmakinesi.com\/index.php\/wp-json\/wp\/v2\/types\/page"}],"author":[{"embeddable":true,"href":"https:\/\/folyokesimmakinesi.com\/index.php\/wp-json\/wp\/v2\/users\/1"}],"replies":[{"embeddable":true,"href":"https:\/\/folyokesimmakinesi.com\/index.php\/wp-json\/wp\/v2\/comments?post=69"}],"version-history":[{"count":1,"href":"https:\/\/folyokesimmakinesi.com\/index.php\/wp-json\/wp\/v2\/pages\/69\/revisions"}],"predecessor-version":[{"id":146,"href":"https:\/\/folyokesimmakinesi.com\/index.php\/wp-json\/wp\/v2\/pages\/69\/revisions\/146"}],"wp:attachment":[{"href":"https:\/\/folyokesimmakinesi.com\/index.php\/wp-json\/wp\/v2\/media?parent=69"}],"curies":[{"name":"wp","href":"https:\/\/api.w.org\/{rel}","templated":true}]}}