{"id":1294,"date":"2025-08-30T10:32:16","date_gmt":"2025-08-30T07:32:16","guid":{"rendered":"https:\/\/www.compassreklam.com\/?post_type=product&amp;p=1025"},"modified":"2025-08-30T10:32:16","modified_gmt":"2025-08-30T07:32:16","slug":"compass-uv-baski-makinesi","status":"publish","type":"product","link":"https:\/\/folyokesimmakinesi.com\/index.php\/urun\/compass-uv-baski-makinesi\/","title":{"rendered":"COMPASS UV BASKI MAK\u0130NES\u0130"},"content":{"rendered":"<p><img loading=\"lazy\" decoding=\"async\" class=\"aligncenter size-large wp-image-1032\" src=\"http:\/\/www.compassreklam.com\/wp-content\/uploads\/2025\/08\/WhatsApp-Image-2025-08-23-at-13.49.42-1-Photoroom-1-1024x768.png\" alt=\"\" width=\"1024\" height=\"768\" \/><\/p>\n<p style=\"text-align: center;\"><span style=\"color: #ff0000; font-family: arial black, sans-serif; font-size: large;\">COMPASS<\/span><\/p>\n<p style=\"text-align: center;\"><span style=\"color: #ff0000; font-family: arial black, sans-serif; font-size: large;\">UV BASKI MAK\u0130NES\u0130<\/span><\/p>\n<p style=\"text-align: center;\"><span style=\"color: #ff0000; font-family: arial black, sans-serif; font-size: large;\">F\u0130RMAMIZ ADINA YERL\u0130 \u00dcRET\u0130M OLARAK TASARLANMI\u015eTIR\u00a0<\/span><\/p>\n<p style=\"text-align: center;\"><span style=\"color: #ff0000; font-family: arial black, sans-serif; font-size: large;\">\u0130STEN\u0130LEN \u00d6L\u00c7\u00dcLERDE MAK\u0130NE \u0130MALATI YAPAB\u0130L\u0130R\u0130Z<\/span><\/p>\n<p style=\"text-align: center;\"><span style=\"color: #ff0000; font-family: arial black, sans-serif; font-size: large;\">60&#215;90 cm bask\u0131 alan\u0131<\/span><\/p>\n<p style=\"text-align: center;\"><span style=\"color: #ff0000; font-family: arial black, sans-serif; font-size: large;\">metal, ah\u015fap, deri, akrilik, cam, seramik gibi bir\u00e7ok farkl\u0131 malzemeye bask\u0131<\/span><\/p>\n<p style=\"text-align: center;\"><span style=\"color: #ff0000; font-family: arial black, sans-serif; font-size: large;\">\u00a0 tam otomatik sistemli, end\u00fcstriyel kullan\u0131ma uygun<\/span><\/p>\n<p style=\"text-align: center;\">\u00a0Teknik \u00d6zellikler:<img loading=\"lazy\" decoding=\"async\" class=\"aligncenter size-full wp-image-1082\" src=\"http:\/\/www.compassreklam.com\/wp-content\/uploads\/2025\/08\/OLYMPOS-UV.png\" alt=\"\" width=\"850\" height=\"440\" \/><\/p>\n<p style=\"text-align: center;\"><strong>\u00a0Ek Bilgiler:<\/strong><\/p>\n<p style=\"text-align: center;\"><strong>\u00c7ok fonksiyonlu ve end\u00fcstriyel kullan\u0131ma uygun<\/strong><\/p>\n<p style=\"text-align: center;\"><strong>\u00a0\u0130leti\u015fim: Detayl\u0131 bilgi<\/strong><\/p>\n<div class=\"position-relative wp-block-kubio-iconlistitem__text-wrapper style-l7_WCtyM8G-text-wrapper style-local-25-text-wrapper\" style=\"text-align: center;\"><strong><span class=\"position-relative wp-block-kubio-iconlistitem__text style-l7_WCtyM8G-text style-local-25-text\">+90 553 467 8607<\/span><\/strong><\/div>\n","protected":false},"excerpt":{"rendered":"<p style=\"text-align: center;\"><span style=\"color: #ff0000; font-family: arial black, sans-serif; font-size: large;\">COMPASS<\/span><\/p>\n<p style=\"text-align: center;\"><span style=\"color: #ff0000; font-family: arial black, sans-serif; font-size: large;\">UV BASKI MAK\u0130NES\u0130<\/span><\/p>\n<p style=\"text-align: center;\"><span style=\"color: #ff0000; font-family: arial black, sans-serif; font-size: large;\">F\u0130RMAMIZ ADINA YERL\u0130 \u00dcRET\u0130M OLARAK TASARLANMI\u015eTIR\u00a0<\/span><\/p>\n<p style=\"text-align: center;\"><span style=\"color: #ff0000; font-family: arial black, sans-serif; font-size: large;\">\u0130STEN\u0130LEN \u00d6L\u00c7\u00dcLERDE MAK\u0130NE \u0130MALATI YAPAB\u0130L\u0130R\u0130Z<\/span><\/p>\n<p style=\"text-align: center;\"><span style=\"color: #ff0000; font-family: arial black, sans-serif; font-size: large;\">60&#215;90 cm bask\u0131 alan\u0131<\/span><\/p>\n<p style=\"text-align: center;\"><span style=\"color: #ff0000; font-family: arial black, sans-serif; font-size: large;\">metal, ah\u015fap, deri, akrilik, cam, seramik gibi bir\u00e7ok farkl\u0131 malzemeye bask\u0131<\/span><\/p>\n<p style=\"text-align: center;\"><span style=\"color: #ff0000; font-family: arial black, sans-serif; font-size: large;\">\u00a0 tam otomatik sistemli, end\u00fcstriyel kullan\u0131ma uygun<\/span><\/p>\n","protected":false},"featured_media":1284,"comment_status":"open","ping_status":"closed","template":"","meta":{"saved_in_kubio":false},"product_brand":[28],"product_cat":[29],"product_tag":[30,31,32,33,34,35,36,37,38,39,40],"class_list":{"0":"post-1294","1":"product","2":"type-product","3":"status-publish","4":"has-post-thumbnail","6":"product_brand-compass","7":"product_cat-baski-makineleri","8":"product_tag-10-yil-parca-temin-garantisi","9":"product_tag-7-24-teknik-destek","10":"product_tag-baski-teknolojisi","11":"product_tag-dijital-baski-makinesi","12":"product_tag-eco-solvent","13":"product_tag-endustriyel-baski","14":"product_tag-hizli-baski","15":"product_tag-i3200-kafali-makine","16":"product_tag-kredi-karti-taksit","17":"product_tag-ucretsiz-kurulum","18":"product_tag-yuksek-cozunurluk","20":"first","21":"instock","22":"sale","23":"shipping-taxable","24":"purchasable","25":"product-type-simple"},"jetpack_sharing_enabled":true,"_links":{"self":[{"href":"https:\/\/folyokesimmakinesi.com\/index.php\/wp-json\/wp\/v2\/product\/1294","targetHints":{"allow":["GET"]}}],"collection":[{"href":"https:\/\/folyokesimmakinesi.com\/index.php\/wp-json\/wp\/v2\/product"}],"about":[{"href":"https:\/\/folyokesimmakinesi.com\/index.php\/wp-json\/wp\/v2\/types\/product"}],"replies":[{"embeddable":true,"href":"https:\/\/folyokesimmakinesi.com\/index.php\/wp-json\/wp\/v2\/comments?post=1294"}],"wp:featuredmedia":[{"embeddable":true,"href":"https:\/\/folyokesimmakinesi.com\/index.php\/wp-json\/wp\/v2\/media\/1284"}],"wp:attachment":[{"href":"https:\/\/folyokesimmakinesi.com\/index.php\/wp-json\/wp\/v2\/media?parent=1294"}],"wp:term":[{"taxonomy":"product_brand","embeddable":true,"href":"https:\/\/folyokesimmakinesi.com\/index.php\/wp-json\/wp\/v2\/product_brand?post=1294"},{"taxonomy":"product_cat","embeddable":true,"href":"https:\/\/folyokesimmakinesi.com\/index.php\/wp-json\/wp\/v2\/product_cat?post=1294"},{"taxonomy":"product_tag","embeddable":true,"href":"https:\/\/folyokesimmakinesi.com\/index.php\/wp-json\/wp\/v2\/product_tag?post=1294"}],"curies":[{"name":"wp","href":"https:\/\/api.w.org\/{rel}","templated":true}]}}