{"id":521,"date":"2025-06-10T14:26:14","date_gmt":"2025-06-10T11:26:14","guid":{"rendered":"https:\/\/www.compassreklam.com\/?post_type=product&amp;p=521"},"modified":"2025-12-26T13:02:02","modified_gmt":"2025-12-26T13:02:02","slug":"plotter-folyo-kesici","status":"publish","type":"product","link":"https:\/\/folyokesimmakinesi.com\/index.php\/urun\/plotter-folyo-kesici\/","title":{"rendered":"PLOTTER FOLYO KES\u0130M MAK\u0130NES\u0130"},"content":{"rendered":"<h3 class=\"wp-block wp-block-kubio-heading position-relative wp-block-kubio-heading__text style-VM9cji3-74-text style-local-3-text\" style=\"text-align: center;\" data-kubio=\"kubio\/heading\">Compass Reklam Plotter Folyo Kesici<\/h3>\n<p class=\"wp-block wp-block-kubio-text position-relative wp-block-kubio-text__text style-Wk4T5wX3OX-text style-local-4-text h-lead\" style=\"text-align: center;\" data-kubio=\"kubio\/text\">Profesyonel, end\u00fcstriyel, kaliteli ve performansl\u0131 kesici plotterdir. \u00d6zellikle yo\u011fun folyo kesimlerinde, dijital bask\u0131 kesimlerinde, yo\u011fun etiket kesimlerinde, tekstil transfer flex ve reflektif folyo kesimlerinde ve benzeri uygulamalar\u0131nda m\u00fckemmeldir.<\/p>\n<figure class=\"wp-block wp-block-kubio-image position-relative wp-block-kubio-image__outer style-idEUVUFWUUL-outer style-local-14-outer size-full align-items-center\" data-kubio=\"kubio\/image\">\n<div class=\"position-relative wp-block-kubio-image__captionContainer style-idEUVUFWUUL-captionContainer style-local-14-captionContainer\">\n<div class=\"position-relative wp-block-kubio-image__frameContainer style-idEUVUFWUUL-frameContainer style-local-14-frameContainer\"><img loading=\"lazy\" decoding=\"async\" class=\"position-relative wp-block-kubio-image__image style-idEUVUFWUUL-image style-local-14-image d-flex wp-image-221\" src=\"https:\/\/folyokesimmakinesi.com\/wp-content\/uploads\/2024\/05\/IMG-20240221-WA0027-1.jpg\" sizes=\"(max-width: 500px) 100vw, 500px\" srcset=\"https:\/\/www.compassreklam.com\/wp-content\/uploads\/2024\/05\/IMG-20240221-WA0027-1.jpg 500w, https:\/\/www.compassreklam.com\/wp-content\/uploads\/2024\/05\/IMG-20240221-WA0027-1-300x300.jpg 300w, https:\/\/www.compassreklam.com\/wp-content\/uploads\/2024\/05\/IMG-20240221-WA0027-1-100x100.jpg 100w, https:\/\/www.compassreklam.com\/wp-content\/uploads\/2024\/05\/IMG-20240221-WA0027-1-150x150.jpg 150w\" alt=\"\" width=\"500\" height=\"500\" \/><\/div>\n<\/div>\n<\/figure>\n<div class=\"wp-block wp-block-kubio-row position-relative wp-block-kubio-row__container style-9W1aLuAQWdL-container style-local-15-container gutters-row-lg-0 gutters-row-v-lg-0 gutters-row-md-0 gutters-row-v-md-0 gutters-row-2 gutters-row-v-2\" data-kubio=\"kubio\/row\">\n<div class=\"background-wrapper\" style=\"text-align: center;\">\n<div class=\"background-layer background-layer-media-container-lg\"><\/div>\n<\/div>\n<div class=\"position-relative wp-block-kubio-row__inner style-9W1aLuAQWdL-inner style-local-15-inner h-row align-items-lg-stretch align-items-md-stretch align-items-stretch justify-content-lg-center justify-content-md-center justify-content-center gutters-col-lg-0 gutters-col-v-lg-0 gutters-col-md-0 gutters-col-v-md-0 gutters-col-2 gutters-col-v-2\">\n<div class=\"wp-block wp-block-kubio-column position-relative wp-block-kubio-column__container style-jn-qeXdJW5W-container style-local-16-container d-flex h-col-lg-auto h-col-md-auto h-col-auto\" data-kubio=\"kubio\/column\">\n<div class=\"position-relative wp-block-kubio-column__inner style-jn-qeXdJW5W-inner style-local-16-inner d-flex h-flex-basis h-px-lg-3 v-inner-lg-3 h-px-md-3 v-inner-md-3 h-px-2 v-inner-2\">\n<div class=\"background-wrapper\" style=\"text-align: center;\">\n<div class=\"background-layer background-layer-media-container-lg\"><\/div>\n<\/div>\n<div class=\"position-relative wp-block-kubio-column__align style-jn-qeXdJW5W-align style-local-16-align h-y-container h-column__content h-column__v-align flex-basis-100 align-self-lg-start align-self-md-start align-self-start\">\n<h5 class=\"wp-block wp-block-kubio-heading position-relative wp-block-kubio-heading__text style-1QHHx3c3xKe-text style-local-17-text\" style=\"text-align: center;\" data-kubio=\"kubio\/heading\">PLOTTER FOLYO KES\u0130C\u0130<\/h5>\n<ul class=\"wp-block-list\">\n<li style=\"text-align: center;\">Step Motor<\/li>\n<li style=\"text-align: center;\">122 cm net kesim alan\u0131<\/li>\n<li style=\"text-align: center;\">6 Teker sistemi ile kayd\u0131rmaz Pin\u00e7 Roller Sistemi<\/li>\n<li style=\"text-align: center;\">ARM Camera optik kesim \u00f6zelli\u011fi (Bas-Kes \u00f6zelli\u011fi)<\/li>\n<li style=\"text-align: center;\">10 m\u2019 ye kadar m\u00fckemmel malzeme takip sistemi<\/li>\n<li style=\"text-align: center;\">800 mm\/sn kesim h\u0131z\u0131<\/li>\n<li style=\"text-align: center;\">20-1000 gr bas\u0131n\u00e7<\/li>\n<li style=\"text-align: center;\">Dayan\u0131kl\u0131 dokunmatik ekran paneli<\/li>\n<li style=\"text-align: center;\">Kolay ve anla\u015f\u0131l\u0131r T\u00fcrk\u00e7e men\u00fc<\/li>\n<li style=\"text-align: center;\">Corel Draw direkt kesim<\/li>\n<li style=\"text-align: center;\">Sing Master lisansl\u0131 kesim program\u0131<\/li>\n<li style=\"text-align: center;\">10 y\u0131l yedek par\u00e7a bulundurma garantisi<\/li>\n<\/ul>\n<\/div>\n<\/div>\n<\/div>\n<\/div>\n<\/div>\n","protected":false},"excerpt":{"rendered":"<h5 class=\"wp-block wp-block-kubio-heading position-relative wp-block-kubio-heading__text style-1QHHx3c3xKe-text style-local-17-text\" data-kubio=\"kubio\/heading\">PLOTTER FOLYO KES\u0130C\u0130<\/h5>\n<ul class=\"wp-block-list\">\n<li>Step Motor<\/li>\n<li>122 cm net kesim alan\u0131<\/li>\n<li>6 Teker sistemi ile kayd\u0131rmaz Pin\u00e7 Roller Sistemi<\/li>\n<li>ARM Camera optik kesim \u00f6zelli\u011fi (Bas-Kes \u00f6zelli\u011fi)<\/li>\n<li>10 m\u2019 ye kadar m\u00fckemmel malzeme takip sistemi<\/li>\n<li>800 mm\/sn kesim h\u0131z\u0131<\/li>\n<li>20-1000 gr bas\u0131n\u00e7<\/li>\n<li>Dayan\u0131kl\u0131 dokunmatik ekran paneli<\/li>\n<li>Kolay ve anla\u015f\u0131l\u0131r T\u00fcrk\u00e7e men\u00fc<\/li>\n<li>Corel Draw direkt kesim<\/li>\n<li>Sing Master lisansl\u0131 kesim program\u0131<\/li>\n<li>10 y\u0131l yedek par\u00e7a bulundurma garantisi<\/li>\n<\/ul>\n","protected":false},"featured_media":184,"comment_status":"open","ping_status":"closed","template":"","meta":{"saved_in_kubio":false},"product_brand":[],"product_cat":[22],"product_tag":[],"class_list":{"0":"post-521","1":"product","2":"type-product","3":"status-publish","4":"has-post-thumbnail","6":"product_cat-plotter-folyo-kesici","8":"first","9":"outofstock","10":"sale","11":"shipping-taxable","12":"purchasable","13":"product-type-simple"},"jetpack_sharing_enabled":true,"_links":{"self":[{"href":"https:\/\/folyokesimmakinesi.com\/index.php\/wp-json\/wp\/v2\/product\/521","targetHints":{"allow":["GET"]}}],"collection":[{"href":"https:\/\/folyokesimmakinesi.com\/index.php\/wp-json\/wp\/v2\/product"}],"about":[{"href":"https:\/\/folyokesimmakinesi.com\/index.php\/wp-json\/wp\/v2\/types\/product"}],"replies":[{"embeddable":true,"href":"https:\/\/folyokesimmakinesi.com\/index.php\/wp-json\/wp\/v2\/comments?post=521"}],"wp:featuredmedia":[{"embeddable":true,"href":"https:\/\/folyokesimmakinesi.com\/index.php\/wp-json\/wp\/v2\/media\/184"}],"wp:attachment":[{"href":"https:\/\/folyokesimmakinesi.com\/index.php\/wp-json\/wp\/v2\/media?parent=521"}],"wp:term":[{"taxonomy":"product_brand","embeddable":true,"href":"https:\/\/folyokesimmakinesi.com\/index.php\/wp-json\/wp\/v2\/product_brand?post=521"},{"taxonomy":"product_cat","embeddable":true,"href":"https:\/\/folyokesimmakinesi.com\/index.php\/wp-json\/wp\/v2\/product_cat?post=521"},{"taxonomy":"product_tag","embeddable":true,"href":"https:\/\/folyokesimmakinesi.com\/index.php\/wp-json\/wp\/v2\/product_tag?post=521"}],"curies":[{"name":"wp","href":"https:\/\/api.w.org\/{rel}","templated":true}]}}