{"id":590,"date":"2025-06-27T10:42:25","date_gmt":"2025-06-27T07:42:25","guid":{"rendered":"https:\/\/www.compassreklam.com\/?post_type=product&amp;p=590"},"modified":"2025-06-27T10:42:25","modified_gmt":"2025-06-27T07:42:25","slug":"dijital-baski-makinesi-my-color","status":"publish","type":"product","link":"https:\/\/folyokesimmakinesi.com\/index.php\/urun\/dijital-baski-makinesi-my-color\/","title":{"rendered":"Dijital Bask\u0131 Makinesi \u2013 180 cm Geni\u015flik, Y\u00fcksek H\u0131z, End\u00fcstriyel Kalite"},"content":{"rendered":"<div id=\"about-1\" class=\"wp-block wp-block-kubio-section position-relative wp-block-kubio-section__outer style-bhARGzY7c3-outer d-flex h-section-global-spacing align-items-lg-center align-items-md-center align-items-center\" data-kubio=\"kubio\/section\">\n<div class=\"position-relative wp-block-kubio-section__inner style-bhARGzY7c3-inner h-section-grid-container h-section-boxed-container\">\n<div class=\"wp-block wp-block-kubio-row position-relative wp-block-kubio-row__container style-fm_AISRg3o-container style-local-1-container gutters-row-lg-2 gutters-row-v-lg-2 gutters-row-md-2 gutters-row-v-md-2 gutters-row-2 gutters-row-v-2\" data-kubio=\"kubio\/row\">\n<div class=\"position-relative wp-block-kubio-row__inner style-fm_AISRg3o-inner style-local-1-inner h-row align-items-lg-stretch align-items-md-stretch align-items-stretch justify-content-lg-center justify-content-md-center justify-content-center gutters-col-lg-2 gutters-col-v-lg-2 gutters-col-md-2 gutters-col-v-md-2 gutters-col-2 gutters-col-v-2\">\n<div class=\"wp-block wp-block-kubio-column position-relative wp-block-kubio-column__container style-3l3lEBjhSB-container style-local-2-container d-flex h-col-lg-auto h-col-md-auto h-col-auto\" data-kubio=\"kubio\/column\">\n<div class=\"position-relative wp-block-kubio-column__inner style-3l3lEBjhSB-inner style-local-2-inner d-flex h-flex-basis h-px-lg-2 v-inner-lg-2 h-px-md-2 v-inner-md-2 h-px-2 v-inner-2\">\n<div class=\"position-relative wp-block-kubio-column__align style-3l3lEBjhSB-align style-local-2-align h-y-container h-column__content h-column__v-align flex-basis-100 align-self-lg-center align-self-md-center align-self-center\">\n<h2 class=\"wp-block wp-block-kubio-heading position-relative wp-block-kubio-heading__text style-UWDahfh653-text style-local-3-text\" style=\"text-align: center;\" data-kubio=\"kubio\/heading\"><span style=\"vertical-align: inherit;\"><span style=\"vertical-align: inherit;\">PUSULA REKLAM<\/span><\/span><\/h2>\n<h2 class=\"wp-block wp-block-kubio-heading position-relative wp-block-kubio-heading__text style-EP9SsWoo5n-text style-local-4-text\" style=\"text-align: center;\" data-kubio=\"kubio\/heading\"><span style=\"vertical-align: inherit;\"><span style=\"vertical-align: inherit;\">D\u0130J\u0130TAL BASKI MAK\u0130NES\u0130<\/span><\/span><\/h2>\n<h2 style=\"text-align: center;\" data-section-id=\"1mxmttx\" data-start=\"223\" data-end=\"301\">Dijital Bask\u0131 Makinesi \u2013 180 cm Geni\u015flik, Y\u00fcksek H\u0131z, End\u00fcstriyel Kalite<\/h2>\n<p style=\"text-align: center;\" data-start=\"303\" data-end=\"644\"><strong data-start=\"303\" data-end=\"331\">Dijital bask\u0131 makineleri<\/strong>, y\u00fcksek \u00e7\u00f6z\u00fcn\u00fcrl\u00fckte, h\u0131zl\u0131 ve kaliteli bask\u0131 yapabilen end\u00fcstriyel sistemlerdir. <strong data-start=\"303\" data-end=\"331\">Dijital bask\u0131 makinesi <\/strong>reklam, tekstil, ambalaj, seramik ve metal sekt\u00f6rleri i\u00e7in idealdir. Geli\u015fmi\u015f teknolojiyle \u00e7al\u0131\u015fan bu makineler, <strong data-start=\"527\" data-end=\"564\">h\u0131z, verimlilik, esneklik, kalite<\/strong> ve <strong data-start=\"568\" data-end=\"587\">ki\u015fiselle\u015ftirme<\/strong> imk\u00e2n\u0131 sunarak t\u00fcm profesyonel ihtiya\u00e7lara \u00e7\u00f6z\u00fcm sa\u011flar.<\/p>\n<p class=\"wp-block wp-block-kubio-text position-relative wp-block-kubio-text__text style-sbpkwfYZO5m-text style-local-5-text h-lead\" style=\"text-align: center;\" data-kubio=\"kubio\/text\"><img loading=\"lazy\" decoding=\"async\" class=\"aligncenter wp-image-841 size-full\" src=\"http:\/\/www.compassreklam.com\/wp-content\/uploads\/2025\/08\/Hca4080f785f84aee927578ed9dff07fci-1.png\" alt=\"my color dijital bask\u0131 makinesi\" width=\"800\" height=\"800\" srcset=\"https:\/\/folyokesimmakinesi.com\/wp-content\/uploads\/2025\/08\/Hca4080f785f84aee927578ed9dff07fci-1.png 800w, https:\/\/folyokesimmakinesi.com\/wp-content\/uploads\/2025\/08\/Hca4080f785f84aee927578ed9dff07fci-1-300x300.png 300w, https:\/\/folyokesimmakinesi.com\/wp-content\/uploads\/2025\/08\/Hca4080f785f84aee927578ed9dff07fci-1-150x150.png 150w, https:\/\/folyokesimmakinesi.com\/wp-content\/uploads\/2025\/08\/Hca4080f785f84aee927578ed9dff07fci-1-768x768.png 768w, https:\/\/folyokesimmakinesi.com\/wp-content\/uploads\/2025\/08\/Hca4080f785f84aee927578ed9dff07fci-1-600x600.png 600w, https:\/\/folyokesimmakinesi.com\/wp-content\/uploads\/2025\/08\/Hca4080f785f84aee927578ed9dff07fci-1-100x100.png 100w\" sizes=\"(max-width: 800px) 100vw, 800px\" \/><img loading=\"lazy\" decoding=\"async\" class=\"aligncenter size-large wp-image-849\" src=\"http:\/\/www.compassreklam.com\/wp-content\/uploads\/2025\/08\/MY-COLOR-ACIK-1024x845.png\" alt=\"\" width=\"1024\" height=\"845\" \/><\/p>\n<\/div>\n<\/div>\n<\/div>\n<\/div>\n<\/div>\n<\/div>\n<\/div>\n<div id=\"about-2\" class=\"wp-block wp-block-kubio-section position-relative wp-block-kubio-section__outer style-NmxesIE0xD-outer style-local-8-outer d-flex h-section-global-spacing align-items-lg-center align-items-md-center align-items-center\" style=\"text-align: center;\" data-kubio=\"kubio\/section\">\n<div class=\"position-relative wp-block-kubio-section__inner style-NmxesIE0xD-inner style-local-8-inner h-section-grid-container h-section-boxed-container\">\n<div class=\"wp-block wp-block-kubio-row position-relative wp-block-kubio-row__container style-zxd-PafRJ_-container style-local-9-container gutters-row-lg-3 gutters-row-v-lg-3 gutters-row-md-3 gutters-row-v-md-3 gutters-row-3 gutters-row-v-3\" data-kubio=\"kubio\/row\">\n<div class=\"position-relative wp-block-kubio-row__inner style-zxd-PafRJ_-inner style-local-9-inner h-row align-items-lg-stretch align-items-md-stretch align-items-stretch justify-content-lg-center justify-content-md-start justify-content-center gutters-col-lg-3 gutters-col-v-lg-3 gutters-col-md-3 gutters-col-v-md-3 gutters-col-3 gutters-col-v-3\">\n<div class=\"wp-block wp-block-kubio-column position-relative wp-block-kubio-column__container style-gk-UyKIbjw-container style-local-10-container d-flex h-col-lg-auto h-col-md-auto h-col-auto\" data-kubio=\"kubio\/column\">\n<div class=\"position-relative wp-block-kubio-column__inner style-gk-UyKIbjw-inner style-local-10-inner d-flex h-flex-basis h-px-lg-2 v-inner-lg-2 h-px-md-2 v-inner-md-2 h-px-2 v-inner-2\">\n<div class=\"position-relative wp-block-kubio-column__align style-gk-UyKIbjw-align style-local-10-align h-y-container h-column__content h-column__v-align flex-basis-100 align-self-lg-start align-self-md-start align-self-start\">\n<h3 data-section-id=\"3g34ta\" data-start=\"651\" data-end=\"679\">\u00d6ne \u00c7\u0131kan \u00d6zellikler:<\/h3>\n<ul data-start=\"680\" data-end=\"1079\">\n<li data-start=\"680\" data-end=\"712\">\n<p data-start=\"682\" data-end=\"712\"><strong data-start=\"682\" data-end=\"710\">180 cm geni\u015f bask\u0131 alan\u0131<\/strong><\/p>\n<\/li>\n<li data-start=\"713\" data-end=\"751\">\n<p data-start=\"715\" data-end=\"751\"><strong data-start=\"715\" data-end=\"749\">7-10 m\u00b2\/saat y\u00fcksek bask\u0131 h\u0131z\u0131<\/strong><\/p>\n<\/li>\n<li data-start=\"752\" data-end=\"786\">\n<p data-start=\"754\" data-end=\"786\"><strong data-start=\"754\" data-end=\"784\">I3200 bask\u0131 kafas\u0131 deste\u011fi<\/strong><\/p>\n<\/li>\n<li data-start=\"787\" data-end=\"826\">\n<p data-start=\"789\" data-end=\"826\"><strong data-start=\"789\" data-end=\"824\">\u00c7ift y\u00f6nl\u00fc malzeme sarma motoru<\/strong><\/p>\n<\/li>\n<li data-start=\"827\" data-end=\"882\">\n<p data-start=\"829\" data-end=\"882\"><strong data-start=\"829\" data-end=\"880\">Is\u0131t\u0131c\u0131l\u0131 malzeme kurutma sistemi (10\u00b0C \u2013 50\u00b0C)<\/strong><\/p>\n<\/li>\n<li data-start=\"883\" data-end=\"931\">\n<p data-start=\"885\" data-end=\"931\"><strong data-start=\"885\" data-end=\"929\">Otomatik kafa temizleme &amp; koruma sistemi<\/strong><\/p>\n<\/li>\n<li data-start=\"932\" data-end=\"986\">\n<p data-start=\"934\" data-end=\"986\"><strong data-start=\"934\" data-end=\"984\">Elektrik koruma sigortas\u0131 ile g\u00fcvenli kullan\u0131m<\/strong><\/p>\n<\/li>\n<li data-start=\"987\" data-end=\"1033\">\n<p data-start=\"989\" data-end=\"1033\"><strong data-start=\"989\" data-end=\"1031\">Lineer k\u0131zak ve hareketli sehpa yap\u0131s\u0131<\/strong><\/p>\n<\/li>\n<li data-start=\"1034\" data-end=\"1079\">\n<p data-start=\"1036\" data-end=\"1079\"><strong data-start=\"1036\" data-end=\"1079\">Duraklatma \/ devam etme yaz\u0131l\u0131m sistemi<\/strong><\/p>\n<\/li>\n<\/ul>\n<h3 data-section-id=\"1q35lst\" data-start=\"1086\" data-end=\"1132\">Dijital Bask\u0131 Makinelerinin Avantajlar\u0131<\/h3>\n<ul data-start=\"1134\" data-end=\"1466\">\n<li data-start=\"1134\" data-end=\"1188\">\n<p data-start=\"1136\" data-end=\"1188\"><strong data-start=\"1136\" data-end=\"1152\">H\u0131zl\u0131 Bask\u0131:<\/strong> K\u0131sa s\u00fcrede y\u00fcksek adetli bask\u0131lar.<\/p>\n<\/li>\n<li data-start=\"1189\" data-end=\"1264\">\n<p data-start=\"1191\" data-end=\"1264\"><strong data-start=\"1191\" data-end=\"1216\">Kurulumsuz Ba\u015flang\u0131\u00e7:<\/strong> Kal\u0131p gerekmez, dijital dosya do\u011frudan bas\u0131l\u0131r.<\/p>\n<\/li>\n<li data-start=\"1265\" data-end=\"1340\">\n<p data-start=\"1267\" data-end=\"1340\"><strong data-start=\"1267\" data-end=\"1285\">Y\u00fcksek Kalite:<\/strong> 1440 DPI\u2019ye kadar netlik, canl\u0131 ve detayl\u0131 g\u00f6r\u00fcnt\u00fcler.<\/p>\n<\/li>\n<li data-start=\"1341\" data-end=\"1401\">\n<p data-start=\"1343\" data-end=\"1401\"><strong data-start=\"1343\" data-end=\"1363\">Ki\u015fiselle\u015ftirme:<\/strong> Her bask\u0131ya \u00f6zel i\u00e7erik basma imk\u00e2n\u0131.<\/p>\n<\/li>\n<li data-start=\"1402\" data-end=\"1466\">\n<p data-start=\"1404\" data-end=\"1466\"><strong data-start=\"1404\" data-end=\"1422\">D\u00fc\u015f\u00fck Maliyet:<\/strong> D\u00fc\u015f\u00fck tirajl\u0131 i\u015fler i\u00e7in ekonomik \u00e7\u00f6z\u00fcmler.<\/p>\n<\/li>\n<\/ul>\n<\/div>\n<\/div>\n<\/div>\n<\/div>\n<\/div>\n<\/div>\n<\/div>\n<div id=\"about\" class=\"wp-block wp-block-kubio-section position-relative wp-block-kubio-section__outer style-VKA8Ri0Xsk-outer style-local-13-outer d-flex h-section-global-spacing align-items-lg-center align-items-md-center align-items-center\" data-kubio=\"kubio\/section\">\n<div class=\"position-relative wp-block-kubio-section__inner style-VKA8Ri0Xsk-inner style-local-13-inner h-section-grid-container h-section-boxed-container\">\n<div class=\"wp-block wp-block-kubio-row position-relative wp-block-kubio-row__container style-H4bllqHT-_-container style-local-14-container gutters-row-lg-3 gutters-row-v-lg-3 gutters-row-md-3 gutters-row-v-md-3 gutters-row-3 gutters-row-v-3\" data-kubio=\"kubio\/row\">\n<div class=\"position-relative wp-block-kubio-row__inner style-H4bllqHT-_-inner style-local-14-inner h-row align-items-lg-stretch align-items-md-stretch align-items-stretch justify-content-lg-center justify-content-md-start justify-content-center gutters-col-lg-3 gutters-col-v-lg-3 gutters-col-md-3 gutters-col-v-md-3 gutters-col-3 gutters-col-v-3\">\n<div class=\"wp-block wp-block-kubio-column position-relative wp-block-kubio-column__container style-QJ-UQ-YBg-container style-local-15-container d-flex h-col-lg-12 h-col-md-12 h-col-12\" data-kubio=\"kubio\/column\">\n<div class=\"position-relative wp-block-kubio-column__inner style-QJ-UQ-YBg-inner style-local-15-inner d-flex h-flex-basis h-px-lg-2 v-inner-lg-2 h-px-md-2 v-inner-md-2 h-px-2 v-inner-2\">\n<div class=\"position-relative wp-block-kubio-column__align style-QJ-UQ-YBg-align style-local-15-align h-y-container h-column__content h-column__v-align flex-basis-100 align-self-lg-start align-self-md-start align-self-start\">\n<h3 data-section-id=\"1h3m0rw\" data-start=\"1473\" data-end=\"1512\">Dijital Bask\u0131 Makinesi T\u00fcrleri:<\/h3>\n<ul data-start=\"1513\" data-end=\"1694\">\n<li data-start=\"1513\" data-end=\"1581\">\n<p data-start=\"1515\" data-end=\"1581\"><strong data-start=\"1515\" data-end=\"1540\">M\u00fcrekkep P\u00fcsk\u00fcrtmeli:<\/strong> Poster, kuma\u015f, afi\u015f vb. i\u00e7in idealdir.<\/p>\n<\/li>\n<li data-start=\"1582\" data-end=\"1638\">\n<p data-start=\"1584\" data-end=\"1638\"><strong data-start=\"1584\" data-end=\"1600\">Lazer Bask\u0131:<\/strong> Keskin metinler ve \u00e7izgi grafikler.<\/p>\n<\/li>\n<li data-start=\"1639\" data-end=\"1694\">\n<p data-start=\"1641\" data-end=\"1694\"><strong data-start=\"1641\" data-end=\"1655\">LED Bask\u0131:<\/strong> Daha \u00e7evre dostu ve enerji tasarruflu.<\/p>\n<\/li>\n<\/ul>\n<h3 data-section-id=\"f2wxke\" data-start=\"1701\" data-end=\"1726\">Kullan\u0131m Alanlar\u0131:<\/h3>\n<ul data-start=\"1727\" data-end=\"1948\">\n<li data-start=\"1727\" data-end=\"1779\">\n<p data-start=\"1729\" data-end=\"1779\"><strong data-start=\"1729\" data-end=\"1745\">Reklamc\u0131l\u0131k:<\/strong> Afi\u015f, billboard, vinil bask\u0131lar<\/p>\n<\/li>\n<li data-start=\"1780\" data-end=\"1821\">\n<p data-start=\"1782\" data-end=\"1821\"><strong data-start=\"1782\" data-end=\"1796\">Paketleme:<\/strong> Etiket ve kutu bask\u0131s\u0131<\/p>\n<\/li>\n<li data-start=\"1822\" data-end=\"1869\">\n<p data-start=\"1824\" data-end=\"1869\"><strong data-start=\"1824\" data-end=\"1836\">Tekstil:<\/strong> Ti\u015f\u00f6rt, perde, kuma\u015f bask\u0131lar\u0131<\/p>\n<\/li>\n<li data-start=\"1870\" data-end=\"1903\">\n<p data-start=\"1872\" data-end=\"1903\"><strong data-start=\"1872\" data-end=\"1884\">Seramik:<\/strong> Kupa, karo bask\u0131<\/p>\n<\/li>\n<li data-start=\"1904\" data-end=\"1948\">\n<p data-start=\"1906\" data-end=\"1948\"><strong data-start=\"1906\" data-end=\"1916\">Metal:<\/strong> Tabela, metal panel bask\u0131lar\u0131<\/p>\n<h3 data-section-id=\"1i918qe\" data-start=\"1955\" data-end=\"1987\">Neden Tercih Etmelisiniz?<\/h3>\n<p data-start=\"1989\" data-end=\"2211\">Dijital bask\u0131 makineleri, zamandan ve maliyetten tasarruf sa\u011flayarak <strong data-start=\"2058\" data-end=\"2078\">y\u00fcksek k\u00e2r marj\u0131<\/strong>, <strong data-start=\"2080\" data-end=\"2096\">minimum hata<\/strong>, ve <strong data-start=\"2101\" data-end=\"2120\">maksimum kalite<\/strong> sunar. \u00d6zellikle k\u0131sa s\u00fcreli, h\u0131zl\u0131 \u00fcretim gerektiren i\u015fler i\u00e7in en uygun bask\u0131 \u00e7\u00f6z\u00fcm\u00fcd\u00fcr.<\/p>\n<p data-start=\"2435\" data-end=\"2641\"><strong data-start=\"2435\" data-end=\"2476\">Compass Reklam ile ileti\u015fime ge\u00e7in<\/strong>, ihtiyac\u0131n\u0131za en uygun dijital bask\u0131 makinesini bug\u00fcn edinin.<br data-start=\"2538\" data-end=\"2541\" \/><strong data-start=\"2541\" data-end=\"2641\">#DijitalBask\u0131Makinesi #180cmBask\u0131 #EcoSolvent #Sublimasyon #ReklamMakinesi #I3200 #Bask\u0131daKalite<\/strong><\/p>\n<hr data-start=\"2643\" data-end=\"2646\" \/>\n<p data-start=\"2648\" data-end=\"2803\" data-is-last-node=\"\" data-is-only-node=\"\">\n<\/li>\n<\/ul>\n<\/div>\n<\/div>\n<\/div>\n<\/div>\n<\/div>\n<\/div>\n<\/div>\n","protected":false},"excerpt":{"rendered":"<div class=\"wp-block wp-block-kubio-column position-relative wp-block-kubio-column__container style-gk-UyKIbjw-container style-local-10-container d-flex h-col-lg-auto h-col-md-auto h-col-auto\" data-kubio=\"kubio\/column\">\n<div class=\"position-relative wp-block-kubio-column__inner style-gk-UyKIbjw-inner style-local-10-inner d-flex h-flex-basis h-px-lg-2 v-inner-lg-2 h-px-md-2 v-inner-md-2 h-px-2 v-inner-2\">\n<div class=\"position-relative wp-block-kubio-column__align style-gk-UyKIbjw-align style-local-10-align h-y-container h-column__content h-column__v-align flex-basis-100 align-self-lg-start align-self-md-start align-self-start\">\n<h3 class=\"wp-block wp-block-kubio-heading position-relative wp-block-kubio-heading__text style-f0whs3LN6_-text style-local-11-text\" style=\"text-align: center;\" data-kubio=\"kubio\/heading\">Dijital Bask\u0131 Makinesi My Color<\/h3>\n<\/div>\n<\/div>\n<\/div>\n<div class=\"wp-block wp-block-kubio-column position-relative wp-block-kubio-column__container style-QzIqQeVDbx-container style-local-12-container d-flex h-col-lg-auto h-col-md-auto h-col-auto\" data-kubio=\"kubio\/column\">\n<div class=\"position-relative wp-block-kubio-column__inner style-QzIqQeVDbx-inner style-local-12-inner d-flex h-flex-basis h-px-lg-2 v-inner-lg-2 h-px-md-2 v-inner-md-2 h-px-2 v-inner-2\">\n<div class=\"background-wrapper\">\n<div class=\"background-layer background-layer-media-container-lg\"><\/div>\n<\/div>\n<div class=\"position-relative wp-block-kubio-column__align style-QzIqQeVDbx-align style-local-12-align h-y-container h-column__content h-column__v-align flex-basis-100 align-self-lg-start align-self-md-start align-self-start\">\n<p style=\"text-align: center;\" data-start=\"143\" data-end=\"383\"><strong data-start=\"143\" data-end=\"176\">180 cm Dijital Bask\u0131 Makinesi<\/strong><\/p>\n<p style=\"text-align: center;\" data-start=\"143\" data-end=\"383\">\u00a0 y\u00fcksek bask\u0131 h\u0131z\u0131, otomatik kafa temizleme, malzeme sarma motoru ve \u0131s\u0131 kontroll\u00fc kurutma sistemiyle profesyonel i\u015fler i\u00e7in tasarlanm\u0131\u015ft\u0131r. I3200 bask\u0131 kafas\u0131 deste\u011fi sayesinde net ve canl\u0131 sonu\u00e7lar sunar.<\/p>\n<p style=\"text-align: center;\" data-start=\"143\" data-end=\"383\"><strong>\u00d6zellikler<\/strong><\/p>\n<ul data-start=\"450\" data-end=\"640\">\n<li data-start=\"450\" data-end=\"474\">\n<p style=\"text-align: center;\" data-start=\"452\" data-end=\"474\"><strong data-start=\"452\" data-end=\"474\">180 cm geni\u015f bask\u0131<\/strong><\/p>\n<\/li>\n<li style=\"text-align: center;\" data-start=\"475\" data-end=\"491\">\n<p data-start=\"477\" data-end=\"491\"><strong data-start=\"477\" data-end=\"491\"><span style=\"vertical-align: inherit;\"><span style=\"vertical-align: inherit;\">I3200 seti<\/span><\/span><\/strong><\/p>\n<\/li>\n<li style=\"text-align: center;\" data-start=\"492\" data-end=\"521\">\n<p data-start=\"494\" data-end=\"521\"><strong data-start=\"494\" data-end=\"521\">Otomatik kafa temizleme<\/strong><\/p>\n<\/li>\n<li style=\"text-align: center;\" data-start=\"522\" data-end=\"544\">\n<p data-start=\"524\" data-end=\"544\"><strong data-start=\"524\" data-end=\"544\">7-10 m\u00b2\/saat h\u0131z<\/strong><\/p>\n<\/li>\n<li style=\"text-align: center;\" data-start=\"545\" data-end=\"574\">\n<p data-start=\"547\" data-end=\"574\"><strong data-start=\"547\" data-end=\"574\">\u00c7ift y\u00f6nl\u00fc sarma motoru<\/strong><\/p>\n<\/li>\n<li style=\"text-align: center;\" data-start=\"575\" data-end=\"607\">\n<p data-start=\"577\" data-end=\"607\"><strong data-start=\"577\" data-end=\"607\">Is\u0131tmal\u0131 kurutma (10-50\u00b0C)<\/strong><\/p>\n<\/li>\n<li data-start=\"608\" data-end=\"640\">\n<p style=\"text-align: center;\" data-start=\"610\" data-end=\"640\"><strong data-start=\"610\" data-end=\"640\">Servo motor \u2013 lineer k\u0131zak<\/strong><\/p>\n<\/li>\n<\/ul>\n<\/div>\n<\/div>\n<\/div>\n","protected":false},"featured_media":841,"comment_status":"open","ping_status":"closed","template":"","meta":{"saved_in_kubio":false},"product_brand":[28],"product_cat":[29],"product_tag":[30,31,32,33,34,35,36,37,38,39,40],"class_list":{"0":"post-590","1":"product","2":"type-product","3":"status-publish","4":"has-post-thumbnail","6":"product_brand-compass","7":"product_cat-baski-makineleri","8":"product_tag-10-yil-parca-temin-garantisi","9":"product_tag-7-24-teknik-destek","10":"product_tag-baski-teknolojisi","11":"product_tag-dijital-baski-makinesi","12":"product_tag-eco-solvent","13":"product_tag-endustriyel-baski","14":"product_tag-hizli-baski","15":"product_tag-i3200-kafali-makine","16":"product_tag-kredi-karti-taksit","17":"product_tag-ucretsiz-kurulum","18":"product_tag-yuksek-cozunurluk","20":"first","21":"instock","22":"sale","23":"shipping-taxable","24":"purchasable","25":"product-type-simple"},"jetpack_sharing_enabled":true,"_links":{"self":[{"href":"https:\/\/folyokesimmakinesi.com\/index.php\/wp-json\/wp\/v2\/product\/590","targetHints":{"allow":["GET"]}}],"collection":[{"href":"https:\/\/folyokesimmakinesi.com\/index.php\/wp-json\/wp\/v2\/product"}],"about":[{"href":"https:\/\/folyokesimmakinesi.com\/index.php\/wp-json\/wp\/v2\/types\/product"}],"replies":[{"embeddable":true,"href":"https:\/\/folyokesimmakinesi.com\/index.php\/wp-json\/wp\/v2\/comments?post=590"}],"wp:featuredmedia":[{"embeddable":true,"href":"https:\/\/folyokesimmakinesi.com\/index.php\/wp-json\/wp\/v2\/media\/841"}],"wp:attachment":[{"href":"https:\/\/folyokesimmakinesi.com\/index.php\/wp-json\/wp\/v2\/media?parent=590"}],"wp:term":[{"taxonomy":"product_brand","embeddable":true,"href":"https:\/\/folyokesimmakinesi.com\/index.php\/wp-json\/wp\/v2\/product_brand?post=590"},{"taxonomy":"product_cat","embeddable":true,"href":"https:\/\/folyokesimmakinesi.com\/index.php\/wp-json\/wp\/v2\/product_cat?post=590"},{"taxonomy":"product_tag","embeddable":true,"href":"https:\/\/folyokesimmakinesi.com\/index.php\/wp-json\/wp\/v2\/product_tag?post=590"}],"curies":[{"name":"wp","href":"https:\/\/api.w.org\/{rel}","templated":true}]}}