{"id":862,"date":"2025-08-05T11:55:57","date_gmt":"2025-08-05T08:55:57","guid":{"rendered":"https:\/\/www.compassreklam.com\/?post_type=product&amp;p=862"},"modified":"2025-08-05T11:55:57","modified_gmt":"2025-08-05T08:55:57","slug":"xl-1300wx-1680wx-i3200-cift-kafali-dijital-baski-makinesi","status":"publish","type":"product","link":"https:\/\/folyokesimmakinesi.com\/index.php\/urun\/xl-1300wx-1680wx-i3200-cift-kafali-dijital-baski-makinesi\/","title":{"rendered":"XL-1804F I3200 4 BASKI KAFASI &#8211; \u0130\u00c7 MEKAN &#8211; DIS MEKAN &#8211; UV &#8211; D\u0130J\u0130TAL BASKI MAK\u0130NES\u0130"},"content":{"rendered":"<h3 style=\"text-align: center;\" data-start=\"451\" data-end=\"546\"><strong data-start=\"459\" data-end=\"546\">Dijital Bask\u0131 Makinesi \u2013 EPSON i3200 Kafal\u0131, Y\u00fcksek Hassasiyetli, End\u00fcstriyel \u00c7\u00f6z\u00fcm<\/strong><\/h3>\n<p style=\"text-align: center;\" data-start=\"548\" data-end=\"861\"><strong data-start=\"548\" data-end=\"613\">Compass Reklam g\u00fcvencesiyle sunulan bu dijital bask\u0131 makinesi<\/strong>, y\u00fcksek \u00e7\u00f6z\u00fcn\u00fcrl\u00fck, h\u0131z ve uzun \u00f6m\u00fcrl\u00fc kullan\u0131m sunan profesyonel bir bask\u0131 \u00e7\u00f6z\u00fcm\u00fcd\u00fcr. \u00d6zellikle <strong data-start=\"711\" data-end=\"726\">eco solvent<\/strong> ve <strong data-start=\"730\" data-end=\"742\">UV bask\u0131<\/strong> uygulamalar\u0131 i\u00e7in geli\u015ftirilmi\u015f olan bu model; end\u00fcstriyel kullan\u0131m i\u00e7in gereken t\u00fcm ak\u0131ll\u0131 sistemlerle donat\u0131lm\u0131\u015ft\u0131r.<\/p>\n<p style=\"text-align: center;\"><img loading=\"lazy\" decoding=\"async\" class=\"aligncenter wp-image-844 size-full\" src=\"http:\/\/www.compassreklam.com\/wp-content\/uploads\/2025\/08\/1699184429616060-1.png\" alt=\"\" width=\"900\" height=\"666\" srcset=\"https:\/\/folyokesimmakinesi.com\/wp-content\/uploads\/2025\/08\/1699184429616060-1.png 900w, https:\/\/folyokesimmakinesi.com\/wp-content\/uploads\/2025\/08\/1699184429616060-1-300x222.png 300w, https:\/\/folyokesimmakinesi.com\/wp-content\/uploads\/2025\/08\/1699184429616060-1-768x568.png 768w, https:\/\/folyokesimmakinesi.com\/wp-content\/uploads\/2025\/08\/1699184429616060-1-600x444.png 600w\" sizes=\"(max-width: 900px) 100vw, 900px\" \/><\/p>\n<p style=\"text-align: center;\" data-start=\"548\" data-end=\"861\"><strong data-start=\"871\" data-end=\"893\">Teknik \u00d6zellikler:<\/strong><\/p>\n<p>&nbsp;<\/p>\n<ol style=\"text-align: center;\">\n<li data-start=\"895\" data-end=\"1030\">\n<p data-start=\"898\" data-end=\"1030\"><strong data-start=\"898\" data-end=\"931\">Y\u00fcksek hassasiyetli platform:<\/strong> Yakla\u015f\u0131k 0\u201310 mikro in\u00e7 d\u00fczeyinde d\u00fczlem dalgalanmas\u0131 ile her zaman m\u00fckemmel bask\u0131 y\u00fczeyi sunar.<\/p>\n<\/li>\n<li data-start=\"1031\" data-end=\"1147\">\n<p data-start=\"1034\" data-end=\"1147\"><strong data-start=\"1034\" data-end=\"1070\">Hoson Gigabit a\u011f ba\u011flant\u0131 kart\u0131:<\/strong> Y\u00fcksek h\u0131zl\u0131 ve kararl\u0131 veri iletimi ile kesintisiz bask\u0131 deneyimi sa\u011flar.<\/p>\n<\/li>\n<li data-start=\"1148\" data-end=\"1241\">\n<p data-start=\"1151\" data-end=\"1241\"><strong data-start=\"1151\" data-end=\"1182\">Leadshine \u00e7ift servo motor:<\/strong> XY y\u00f6n\u00fcnde sessiz, h\u0131zl\u0131 ve hassas \u00e7al\u0131\u015fma imk\u00e2n\u0131 sunar.<\/p>\n<\/li>\n<li data-start=\"1242\" data-end=\"1385\">\n<p data-start=\"1245\" data-end=\"1385\"><strong data-start=\"1245\" data-end=\"1279\">\u00c7ift rayl\u0131 kald\u0131rma \u00e7er\u00e7evesi:<\/strong> Malzeme y\u00fcksekli\u011fine g\u00f6re serbest\u00e7e ayarlanabilir; malzeme de\u011fi\u015fimi s\u0131ras\u0131nda zamandan tasarruf sa\u011flar.<\/p>\n<\/li>\n<li data-start=\"1386\" data-end=\"1552\">\n<p data-start=\"1389\" data-end=\"1552\"><strong data-start=\"1389\" data-end=\"1418\">Ak\u0131ll\u0131 \u00fcretim sistemleri:<\/strong> Medya eksikli\u011fi alarm\u0131, otomatik kafa temizleme, acil durdurma anahtar\u0131 ve ak\u0131ll\u0131 kurutma fonksiyonlar\u0131yla g\u00f6zetimsiz bask\u0131 imk\u00e2n\u0131.<\/p>\n<\/li>\n<li data-start=\"1553\" data-end=\"1696\">\n<p data-start=\"1556\" data-end=\"1696\"><strong data-start=\"1556\" data-end=\"1581\">\u00dc\u00e7l\u00fc entegre kurutma:<\/strong> Manuel ve otomatik ak\u0131ll\u0131 kurutma sistemine entegre s\u0131ca<\/p>\n<\/li>\n<li data-start=\"1553\" data-end=\"1696\">\n<p data-start=\"1556\" data-end=\"1696\">k hava, so\u011fuk hava ve klasik kurutucu ile donat\u0131lm\u0131\u015ft\u0131r.<\/p>\n<\/li>\n<li data-start=\"1697\" data-end=\"1814\">\n<p data-start=\"1700\" data-end=\"1814\"><strong data-start=\"1700\" data-end=\"1721\">\u00c7ift kafa koruma:<\/strong> Fiziksel ve \u00e7arp\u0131\u015fma \u00f6nleyici ta\u015f\u0131ma korumas\u0131yla bask\u0131 kafas\u0131 maksimum g\u00fcvenlikte \u00e7al\u0131\u015f\u0131r.<\/p>\n<\/li>\n<li data-start=\"1815\" data-end=\"1952\">\n<p data-start=\"1818\" data-end=\"1952\"><strong data-start=\"1818\" data-end=\"1850\">Anti-statik bask\u0131 tekerle\u011fi:<\/strong> Tek par\u00e7al\u0131 merkezi \u015faft ve b\u00fcy\u00fck anti-statik pres tekerlekleri ile farkl\u0131 malzemelere uyum sa\u011flar.<\/p>\n<\/li>\n<li data-start=\"1953\" data-end=\"2113\">\n<p data-start=\"1956\" data-end=\"2113\"><strong data-start=\"1956\" data-end=\"1998\">Orijinal EPSON i3200 end\u00fcstriyel kafa:<\/strong> Y\u00fcksek \u00e7\u00f6z\u00fcn\u00fcrl\u00fck, h\u0131zl\u0131 bask\u0131, kararl\u0131l\u0131k ve uzun \u00f6m\u00fcrl\u00fc kullan\u0131m sunar; profesyonel \u00fcretim i\u00e7in ideal tercihtir.<\/p>\n<\/li>\n<\/ol>\n<p style=\"text-align: center;\"><img loading=\"lazy\" decoding=\"async\" class=\"aligncenter size-large wp-image-845\" src=\"http:\/\/www.compassreklam.com\/wp-content\/uploads\/2025\/08\/Q-1024x853.png\" alt=\"\" width=\"1024\" height=\"853\" srcset=\"https:\/\/folyokesimmakinesi.com\/wp-content\/uploads\/2025\/08\/Q-1024x853.png 1024w, https:\/\/folyokesimmakinesi.com\/wp-content\/uploads\/2025\/08\/Q-300x250.png 300w, https:\/\/folyokesimmakinesi.com\/wp-content\/uploads\/2025\/08\/Q-768x640.png 768w, https:\/\/folyokesimmakinesi.com\/wp-content\/uploads\/2025\/08\/Q-1536x1280.png 1536w, https:\/\/folyokesimmakinesi.com\/wp-content\/uploads\/2025\/08\/Q-1296x1080.png 1296w, https:\/\/folyokesimmakinesi.com\/wp-content\/uploads\/2025\/08\/Q-600x500.png 600w, https:\/\/folyokesimmakinesi.com\/wp-content\/uploads\/2025\/08\/Q.png 1656w\" sizes=\"(max-width: 1024px) 100vw, 1024px\" \/><\/p>\n<hr data-start=\"2115\" data-end=\"2118\" \/>\n<h3 style=\"text-align: center;\" data-start=\"2120\" data-end=\"2149\"><strong data-start=\"2127\" data-end=\"2149\">Kullan\u0131m Alanlar\u0131:<\/strong><\/h3>\n<ul style=\"text-align: center;\" data-start=\"2150\" data-end=\"2308\">\n<li data-start=\"2150\" data-end=\"2174\">\n<p data-start=\"2152\" data-end=\"2174\">A\u00e7\u0131k hava reklamlar\u0131<\/p>\n<\/li>\n<li data-start=\"2175\" data-end=\"2209\">\n<p data-start=\"2177\" data-end=\"2209\">Folyo, vinil, branda bask\u0131lar\u0131<\/p>\n<\/li>\n<li data-start=\"2210\" data-end=\"2261\">\n<p data-start=\"2212\" data-end=\"2261\">Cam, metal, pleksi gibi sert zemin uygulamalar\u0131<\/p>\n<\/li>\n<li data-start=\"2262\" data-end=\"2308\">\n<p data-start=\"2264\" data-end=\"2308\">Etiket, sticker ve dekoratif bask\u0131 \u00e7\u00f6z\u00fcmleri<\/p>\n<\/li>\n<\/ul>\n<hr data-start=\"2310\" data-end=\"2313\" \/>\n<h3 style=\"text-align: center;\" data-start=\"2315\" data-end=\"2403\">\ud83d\ude9b <strong data-start=\"2322\" data-end=\"2403\">Antalya merkez \u00e7\u0131k\u0131\u015fl\u0131 g\u00f6nderim | \u00dccretsiz kargo | 7\/24 teknik servis deste\u011fi<\/strong><\/h3>\n","protected":false},"excerpt":{"rendered":"<h3 style=\"text-align: center;\" data-start=\"451\" data-end=\"546\"><strong data-start=\"459\" data-end=\"546\">Dijital Bask\u0131 Makinesi \u2013 EPSON i3200 Kafal\u0131, Y\u00fcksek Hassasiyetli, End\u00fcstriyel \u00c7\u00f6z\u00fcm<\/strong><\/h3>\n<p style=\"text-align: center;\" data-start=\"548\" data-end=\"861\"><strong data-start=\"548\" data-end=\"613\">Compass Reklam g\u00fcvencesiyle sunulan bu dijital bask\u0131 makinesi<\/strong>, y\u00fcksek \u00e7\u00f6z\u00fcn\u00fcrl\u00fck, h\u0131z ve uzun \u00f6m\u00fcrl\u00fc kullan\u0131m sunan profesyonel bir bask\u0131 \u00e7\u00f6z\u00fcm\u00fcd\u00fcr. \u00d6zellikle <strong data-start=\"711\" data-end=\"726\">eco solvent<\/strong> ve <strong data-start=\"730\" data-end=\"742\">UV bask\u0131<\/strong> uygulamalar\u0131 i\u00e7in geli\u015ftirilmi\u015f olan bu model; end\u00fcstriyel kullan\u0131m i\u00e7in gereken t\u00fcm ak\u0131ll\u0131 sistemlerle donat\u0131lm\u0131\u015ft\u0131r.<\/p>\n","protected":false},"featured_media":924,"comment_status":"open","ping_status":"closed","template":"","meta":{"saved_in_kubio":false},"product_brand":[28],"product_cat":[21,29],"product_tag":[30,31,32,33,34,35,36,37,38,39,40],"class_list":{"0":"post-862","1":"product","2":"type-product","3":"status-publish","4":"has-post-thumbnail","6":"product_brand-compass","7":"product_cat-genel","8":"product_cat-baski-makineleri","9":"product_tag-10-yil-parca-temin-garantisi","10":"product_tag-7-24-teknik-destek","11":"product_tag-baski-teknolojisi","12":"product_tag-dijital-baski-makinesi","13":"product_tag-eco-solvent","14":"product_tag-endustriyel-baski","15":"product_tag-hizli-baski","16":"product_tag-i3200-kafali-makine","17":"product_tag-kredi-karti-taksit","18":"product_tag-ucretsiz-kurulum","19":"product_tag-yuksek-cozunurluk","21":"first","22":"outofstock","23":"sale","24":"shipping-taxable","25":"purchasable","26":"product-type-simple"},"jetpack_sharing_enabled":true,"_links":{"self":[{"href":"https:\/\/folyokesimmakinesi.com\/index.php\/wp-json\/wp\/v2\/product\/862","targetHints":{"allow":["GET"]}}],"collection":[{"href":"https:\/\/folyokesimmakinesi.com\/index.php\/wp-json\/wp\/v2\/product"}],"about":[{"href":"https:\/\/folyokesimmakinesi.com\/index.php\/wp-json\/wp\/v2\/types\/product"}],"replies":[{"embeddable":true,"href":"https:\/\/folyokesimmakinesi.com\/index.php\/wp-json\/wp\/v2\/comments?post=862"}],"wp:featuredmedia":[{"embeddable":true,"href":"https:\/\/folyokesimmakinesi.com\/index.php\/wp-json\/wp\/v2\/media\/924"}],"wp:attachment":[{"href":"https:\/\/folyokesimmakinesi.com\/index.php\/wp-json\/wp\/v2\/media?parent=862"}],"wp:term":[{"taxonomy":"product_brand","embeddable":true,"href":"https:\/\/folyokesimmakinesi.com\/index.php\/wp-json\/wp\/v2\/product_brand?post=862"},{"taxonomy":"product_cat","embeddable":true,"href":"https:\/\/folyokesimmakinesi.com\/index.php\/wp-json\/wp\/v2\/product_cat?post=862"},{"taxonomy":"product_tag","embeddable":true,"href":"https:\/\/folyokesimmakinesi.com\/index.php\/wp-json\/wp\/v2\/product_tag?post=862"}],"curies":[{"name":"wp","href":"https:\/\/api.w.org\/{rel}","templated":true}]}}