{"id":879,"date":"2025-08-05T13:44:38","date_gmt":"2025-08-05T10:44:38","guid":{"rendered":"https:\/\/www.compassreklam.com\/?post_type=product&amp;p=879"},"modified":"2025-08-05T13:44:38","modified_gmt":"2025-08-05T10:44:38","slug":"xl-1680s-1850s-tek-baski-kafasi-ic-mekan-dis-mekan-uv-dijital-baski-makinesi","status":"publish","type":"product","link":"https:\/\/folyokesimmakinesi.com\/index.php\/urun\/xl-1680s-1850s-tek-baski-kafasi-ic-mekan-dis-mekan-uv-dijital-baski-makinesi\/","title":{"rendered":"XL-1680S, 1850S\/ TEK BASKI KAFASI &#8211; \u0130\u00c7 MEKAN &#8211; DIS MEKAN &#8211; UV D\u0130J\u0130TAL BASKI MAK\u0130NES\u0130"},"content":{"rendered":"<h3 style=\"text-align: center;\" data-start=\"310\" data-end=\"541\"><strong> D\u0130J\u0130TAL BASKI MAK\u0130NES\u0130 COMPASS REKLAM<\/strong><\/h3>\n<p style=\"text-align: center;\" data-start=\"310\" data-end=\"541\">VSDT teknolojili dijital bask\u0131 makinesi, y\u00fcksek \u00e7\u00f6z\u00fcn\u00fcrl\u00fck, d\u00fc\u015f\u00fck m\u00fcrekkep t\u00fcketimi ve ergonomik tasar\u0131m\u0131yla \u00f6ne \u00e7\u0131kar. Feathering ayar\u0131, otomatik besleme sistemi, kesintisiz bask\u0131 ve <strong data-start=\"494\" data-end=\"521\">\u00fccretsiz kargo avantaj\u0131<\/strong> ile ideal \u00e7\u00f6z\u00fcmd\u00fcr.<\/p>\n<p style=\"text-align: center;\"><img loading=\"lazy\" decoding=\"async\" class=\"aligncenter size-full wp-image-838\" src=\"http:\/\/www.compassreklam.com\/wp-content\/uploads\/2025\/08\/1699182760234613-1.png\" alt=\"\" width=\"900\" height=\"666\" srcset=\"https:\/\/folyokesimmakinesi.com\/wp-content\/uploads\/2025\/08\/1699182760234613-1.png 900w, https:\/\/folyokesimmakinesi.com\/wp-content\/uploads\/2025\/08\/1699182760234613-1-300x222.png 300w, https:\/\/folyokesimmakinesi.com\/wp-content\/uploads\/2025\/08\/1699182760234613-1-768x568.png 768w, https:\/\/folyokesimmakinesi.com\/wp-content\/uploads\/2025\/08\/1699182760234613-1-600x444.png 600w\" sizes=\"(max-width: 900px) 100vw, 900px\" \/><\/p>\n<div id=\"attachment_851\" style=\"width: 1034px\" class=\"wp-caption aligncenter\"><img loading=\"lazy\" decoding=\"async\" aria-describedby=\"caption-attachment-851\" class=\"wp-image-851 size-large\" src=\"http:\/\/www.compassreklam.com\/wp-content\/uploads\/2025\/08\/XL.-1680S-1024x865.png\" alt=\"\" width=\"1024\" height=\"865\" \/><p id=\"caption-attachment-851\" class=\"wp-caption-text\">dijital bask\u0131 makinesi \u00f6zellikleri<\/p><\/div>\n<h3 style=\"text-align: center;\"><strong>dijital bask\u0131 makinesi \u00fcr\u00fcn detayl\u0131 a\u00e7\u0131klamas\u0131<\/strong><\/h3>\n<ul>\n<li style=\"text-align: center;\" data-start=\"627\" data-end=\"891\">\n<p data-start=\"630\" data-end=\"667\"><strong data-start=\"630\" data-end=\"667\">De\u011fi\u015fken Damla Teknolojisi (VSDT)<\/strong><\/p>\n<ul data-start=\"671\" data-end=\"891\">\n<li data-start=\"671\" data-end=\"711\">\n<p data-start=\"673\" data-end=\"711\">Minimum m\u00fcrekkep damlas\u0131: <strong data-start=\"699\" data-end=\"709\">3.5 pl<\/strong><\/p>\n<\/li>\n<li data-start=\"715\" data-end=\"755\">\n<p data-start=\"717\" data-end=\"755\">Maksimum m\u00fcrekkep damlas\u0131: <strong data-start=\"744\" data-end=\"753\">12 pl<\/strong><\/p>\n<\/li>\n<li data-start=\"759\" data-end=\"824\">\n<p data-start=\"761\" data-end=\"824\">Farkl\u0131 damla kombinasyonlar\u0131 ile y\u00fcksek \u00e7\u00f6z\u00fcn\u00fcrl\u00fckl\u00fc bask\u0131lar<\/p>\n<\/li>\n<li data-start=\"828\" data-end=\"891\">\n<p data-start=\"830\" data-end=\"891\">Panel \u00fczerinden <strong data-start=\"846\" data-end=\"871\">feathering (t\u00fcylenme)<\/strong> ayar\u0131 yap\u0131labilir<\/p>\n<\/li>\n<\/ul>\n<\/li>\n<li style=\"text-align: center;\" data-start=\"893\" data-end=\"1082\">\n<p data-start=\"896\" data-end=\"925\"><strong data-start=\"896\" data-end=\"925\">Y\u00fcksek D\u00fczl\u00fck Hassasiyeti<\/strong><\/p>\n<ul data-start=\"929\" data-end=\"1082\">\n<li data-start=\"929\" data-end=\"975\">\n<p data-start=\"931\" data-end=\"975\">Uluslararas\u0131 mekanik standartlara uygundur<\/p>\n<\/li>\n<li data-start=\"979\" data-end=\"1026\">\n<p data-start=\"981\" data-end=\"1026\">Bask\u0131 platformu d\u00fczl\u00fc\u011f\u00fc hatas\u0131 \u2264 <strong data-start=\"1014\" data-end=\"1024\">0.1 mm<\/strong><\/p>\n<\/li>\n<li data-start=\"1030\" data-end=\"1082\">\n<p data-start=\"1032\" data-end=\"1082\">\u0130nce detayl\u0131 ve net g\u00f6rseller i\u00e7in ideal altyap\u0131<\/p>\n<\/li>\n<\/ul>\n<\/li>\n<li style=\"text-align: center;\" data-start=\"1084\" data-end=\"1206\">\n<p data-start=\"1087\" data-end=\"1120\"><strong data-start=\"1087\" data-end=\"1120\">Ergonomik Feathering Tasar\u0131m\u0131<\/strong><\/p>\n<ul data-start=\"1124\" data-end=\"1206\">\n<li data-start=\"1124\" data-end=\"1161\">\n<p data-start=\"1126\" data-end=\"1161\">Panel \u00fczerinden t\u00fcylenme kontrol\u00fc<\/p>\n<\/li>\n<li data-start=\"1165\" data-end=\"1206\">\n<p data-start=\"1167\" data-end=\"1206\">G\u00f6rsel do\u011frulu\u011fu ve h\u0131z ayarlanabilir<\/p>\n<\/li>\n<\/ul>\n<\/li>\n<li style=\"text-align: center;\" data-start=\"1208\" data-end=\"1348\">\n<p data-start=\"1211\" data-end=\"1244\"><strong data-start=\"1211\" data-end=\"1244\">Orijinal Bask\u0131 Kafas\u0131 Dalgas\u0131<\/strong><\/p>\n<ul data-start=\"1248\" data-end=\"1348\">\n<li data-start=\"1248\" data-end=\"1299\">\n<p data-start=\"1250\" data-end=\"1299\">Bask\u0131 kafas\u0131 dalga formu ile do\u011fru g\u00fc\u00e7 kontrol\u00fc<\/p>\n<\/li>\n<li data-start=\"1303\" data-end=\"1348\">\n<p data-start=\"1305\" data-end=\"1348\"><strong data-start=\"1305\" data-end=\"1335\">Uzun s\u00fcre kesintisiz bask\u0131<\/strong> kabiliyeti<\/p>\n<\/li>\n<\/ul>\n<\/li>\n<li style=\"text-align: center;\" data-start=\"1350\" data-end=\"1495\">\n<p data-start=\"1353\" data-end=\"1391\"><strong data-start=\"1353\" data-end=\"1391\">Otomatik S\u00f6n\u00fcmleme Besleme Sistemi<\/strong><\/p>\n<ul data-start=\"1395\" data-end=\"1495\">\n<li data-start=\"1395\" data-end=\"1451\">\n<p data-start=\"1397\" data-end=\"1451\">Uzun mesafeli sapma ve step atlama sorunlar\u0131n\u0131 \u00f6nler<\/p>\n<\/li>\n<li data-start=\"1455\" data-end=\"1495\">\n<p data-start=\"1457\" data-end=\"1495\">Kararl\u0131 ve dengeli bask\u0131 performans\u0131<\/p>\n<\/li>\n<\/ul>\n<\/li>\n<li style=\"text-align: center;\" data-start=\"1497\" data-end=\"1660\">\n<p data-start=\"1500\" data-end=\"1533\"><strong data-start=\"1500\" data-end=\"1533\">Kesinti Noktas\u0131 Devam Ettirme<\/strong><\/p>\n<ul data-start=\"1537\" data-end=\"1660\">\n<li data-start=\"1537\" data-end=\"1593\">\n<p data-start=\"1539\" data-end=\"1593\">Ani bask\u0131 durmalar\u0131 sonras\u0131 ayn\u0131 noktadan devam eder<\/p>\n<\/li>\n<li data-start=\"1597\" data-end=\"1660\">\n<p data-start=\"1599\" data-end=\"1660\">Bask\u0131 s\u00fcreklili\u011fi sa\u011flar, <strong data-start=\"1625\" data-end=\"1660\">fire oran\u0131n\u0131 s\u0131f\u0131ra yakla\u015ft\u0131r\u0131r<\/strong><\/p>\n<\/li>\n<\/ul>\n<\/li>\n<li style=\"text-align: center;\" data-start=\"1662\" data-end=\"1829\">\n<p data-start=\"1665\" data-end=\"1692\"><strong data-start=\"1665\" data-end=\"1692\">So\u011fuk P\u00fcsk\u00fcrtme Y\u00f6ntemi<\/strong><\/p>\n<ul data-start=\"1696\" data-end=\"1829\">\n<li data-start=\"1696\" data-end=\"1726\">\n<p data-start=\"1698\" data-end=\"1726\">Piezoelektrik bask\u0131 kafas\u0131<\/p>\n<\/li>\n<li data-start=\"1730\" data-end=\"1773\">\n<p data-start=\"1732\" data-end=\"1773\">Kafan\u0131n \u00f6mr\u00fcn\u00fc uzat\u0131r, a\u015f\u0131nmay\u0131 azalt\u0131r<\/p>\n<\/li>\n<li data-start=\"1777\" data-end=\"1829\">\n<p data-start=\"1779\" data-end=\"1829\">Neredeyse s\u0131f\u0131r kay\u0131pla bask\u0131 yap\u0131lmas\u0131n\u0131 sa\u011flar<\/p>\n<\/li>\n<\/ul>\n<\/li>\n<li data-start=\"1831\" data-end=\"1981\">\n<p style=\"text-align: center;\" data-start=\"1834\" data-end=\"1870\"><strong data-start=\"1834\" data-end=\"1870\">B\u00fcy\u00fck ve \u015eeffaf M\u00fcrekkep Kartu\u015fu<\/strong><\/p>\n<ul data-start=\"1874\" data-end=\"1981\">\n<li style=\"text-align: center;\" data-start=\"1874\" data-end=\"1913\">\n<p data-start=\"1876\" data-end=\"1913\">Sezgisel m\u00fcrekkep seviyesi kontrol\u00fc<\/p>\n<\/li>\n<li data-start=\"1917\" data-end=\"1981\">\n<p style=\"text-align: center;\" data-start=\"1919\" data-end=\"1981\">Uzun s\u00fcreli \u00e7al\u0131\u015fmalarda duraksama olmadan devam etme imkan\u0131<\/p>\n<h3 style=\"text-align: center;\" data-start=\"1988\" data-end=\"2017\"><strong data-start=\"1995\" data-end=\"2017\">dijital bask\u0131 makinesi kullan\u0131m alanlar\u0131:<\/strong><\/h3>\n<ul style=\"text-align: center;\" data-start=\"2019\" data-end=\"2312\">\n<li data-start=\"2019\" data-end=\"2051\">\n<p data-start=\"2021\" data-end=\"2051\">Profesyonel tabela bask\u0131lar\u0131<\/p>\n<\/li>\n<li data-start=\"2052\" data-end=\"2093\">\n<p data-start=\"2054\" data-end=\"2093\">Etiket, sticker ve promosyon \u00fcr\u00fcnleri<\/p>\n<\/li>\n<li data-start=\"2094\" data-end=\"2143\">\n<p data-start=\"2096\" data-end=\"2143\"><span style=\"vertical-align: inherit;\"><span style=\"vertical-align: inherit;\">Transfer tekstiller (flex, flok, reflektif vb.)<\/span><\/span><\/p>\n<\/li>\n<li data-start=\"2144\" data-end=\"2193\">\n<p data-start=\"2146\" data-end=\"2193\">Ara\u00e7 kaplama, cam giydirme, vinil folyo bask\u0131<\/p>\n<\/li>\n<li data-start=\"2194\" data-end=\"2233\">\n<p data-start=\"2196\" data-end=\"2233\">\u0130\u00e7 ve d\u0131\u015f mekan reklam uygulamalar\u0131<\/p>\n<\/li>\n<li data-start=\"2234\" data-end=\"2269\">\n<p data-start=\"2236\" data-end=\"2269\">Mimari sunum ve proje \u00e7\u0131kt\u0131lar\u0131<\/p>\n<\/li>\n<li data-start=\"2270\" data-end=\"2312\">\n<p data-start=\"2272\" data-end=\"2312\">Ambalaj, kutu ve etiketleme sistemleri<\/p>\n<\/li>\n<\/ul>\n<hr data-start=\"2314\" data-end=\"2317\" \/>\n<h3 style=\"text-align: center;\" data-start=\"2319\" data-end=\"2361\">\ud83d\ude9a <strong data-start=\"2326\" data-end=\"2361\">\u00dccretsiz Kargo &amp; Teknik Servis:<\/strong><\/h3>\n<ul data-start=\"2363\" data-end=\"2539\">\n<li style=\"text-align: center;\" data-start=\"2363\" data-end=\"2405\">\n<p data-start=\"2365\" data-end=\"2405\">T\u00fcrkiye geneline <strong data-start=\"2382\" data-end=\"2403\">\u00fccretsiz g\u00f6nderim<\/strong><\/p>\n<\/li>\n<li style=\"text-align: center;\" data-start=\"2406\" data-end=\"2445\">\n<p data-start=\"2408\" data-end=\"2445\"><strong data-start=\"2408\" data-end=\"2443\">Antalya merkezli h\u0131zl\u0131 teslimat<\/strong><\/p>\n<\/li>\n<li style=\"text-align: center;\" data-start=\"2446\" data-end=\"2495\">\n<p data-start=\"2448\" data-end=\"2495\"><strong data-start=\"2448\" data-end=\"2493\">7\/24 teknik destek ve dan\u0131\u015fmanl\u0131k hizmeti<\/strong><\/p>\n<\/li>\n<li data-start=\"2496\" data-end=\"2539\">\n<p style=\"text-align: center;\" data-start=\"2498\" data-end=\"2539\"><strong data-start=\"2498\" data-end=\"2539\">Yedek par\u00e7a, bak\u0131m ve garanti kapsam\u0131<\/strong><\/p>\n<\/li>\n<\/ul>\n<\/li>\n<\/ul>\n<\/li>\n<\/ul>\n","protected":false},"excerpt":{"rendered":"<h3 data-start=\"310\" data-end=\"541\"><strong>D\u0130J\u0130TAL BASKI MAK\u0130NES\u0130 COMPASS REKLAM<\/strong><\/h3>\n<p style=\"text-align: center;\" data-start=\"310\" data-end=\"541\">VSDT teknolojili dijital bask\u0131 makinesi, y\u00fcksek \u00e7\u00f6z\u00fcn\u00fcrl\u00fck, d\u00fc\u015f\u00fck m\u00fcrekkep t\u00fcketimi ve ergonomik tasar\u0131m\u0131yla \u00f6ne \u00e7\u0131kar. Feathering ayar\u0131, otomatik besleme sistemi, kesintisiz bask\u0131 ve <strong data-start=\"494\" data-end=\"521\">\u00fccretsiz kargo avantaj\u0131<\/strong> ile ideal \u00e7\u00f6z\u00fcmd\u00fcr.<\/p>\n","protected":false},"featured_media":928,"comment_status":"open","ping_status":"closed","template":"","meta":{"saved_in_kubio":false},"product_brand":[28],"product_cat":[29],"product_tag":[30,31,32,33,34,35,36,37,38,39,40],"class_list":{"0":"post-879","1":"product","2":"type-product","3":"status-publish","4":"has-post-thumbnail","6":"product_brand-compass","7":"product_cat-baski-makineleri","8":"product_tag-10-yil-parca-temin-garantisi","9":"product_tag-7-24-teknik-destek","10":"product_tag-baski-teknolojisi","11":"product_tag-dijital-baski-makinesi","12":"product_tag-eco-solvent","13":"product_tag-endustriyel-baski","14":"product_tag-hizli-baski","15":"product_tag-i3200-kafali-makine","16":"product_tag-kredi-karti-taksit","17":"product_tag-ucretsiz-kurulum","18":"product_tag-yuksek-cozunurluk","20":"first","21":"outofstock","22":"sale","23":"shipping-taxable","24":"purchasable","25":"product-type-simple"},"jetpack_sharing_enabled":true,"_links":{"self":[{"href":"https:\/\/folyokesimmakinesi.com\/index.php\/wp-json\/wp\/v2\/product\/879","targetHints":{"allow":["GET"]}}],"collection":[{"href":"https:\/\/folyokesimmakinesi.com\/index.php\/wp-json\/wp\/v2\/product"}],"about":[{"href":"https:\/\/folyokesimmakinesi.com\/index.php\/wp-json\/wp\/v2\/types\/product"}],"replies":[{"embeddable":true,"href":"https:\/\/folyokesimmakinesi.com\/index.php\/wp-json\/wp\/v2\/comments?post=879"}],"wp:featuredmedia":[{"embeddable":true,"href":"https:\/\/folyokesimmakinesi.com\/index.php\/wp-json\/wp\/v2\/media\/928"}],"wp:attachment":[{"href":"https:\/\/folyokesimmakinesi.com\/index.php\/wp-json\/wp\/v2\/media?parent=879"}],"wp:term":[{"taxonomy":"product_brand","embeddable":true,"href":"https:\/\/folyokesimmakinesi.com\/index.php\/wp-json\/wp\/v2\/product_brand?post=879"},{"taxonomy":"product_cat","embeddable":true,"href":"https:\/\/folyokesimmakinesi.com\/index.php\/wp-json\/wp\/v2\/product_cat?post=879"},{"taxonomy":"product_tag","embeddable":true,"href":"https:\/\/folyokesimmakinesi.com\/index.php\/wp-json\/wp\/v2\/product_tag?post=879"}],"curies":[{"name":"wp","href":"https:\/\/api.w.org\/{rel}","templated":true}]}}