{"id":884,"date":"2025-08-05T15:02:46","date_gmt":"2025-08-05T12:02:46","guid":{"rendered":"https:\/\/www.compassreklam.com\/?post_type=product&amp;p=884"},"modified":"2025-08-05T15:02:46","modified_gmt":"2025-08-05T12:02:46","slug":"sublimasyon-dijital-baski-makinesi","status":"publish","type":"product","link":"https:\/\/folyokesimmakinesi.com\/index.php\/urun\/sublimasyon-dijital-baski-makinesi\/","title":{"rendered":"Epson i3200 Bask\u0131 Kafal\u0131 S\u00fcblimasyon Dijital Bask\u0131 Makinesi"},"content":{"rendered":"<h3 data-start=\"565\" data-end=\"828\"><strong>S\u00fcblimasyon Dijital Bask\u0131 Makinesi \u2013 Kuma\u015f, Bayrak, Afi\u015f Bask\u0131 i\u00e7in End\u00fcstriyel \u00c7\u00f6z\u00fcm Compass Reklam<\/strong><\/h3>\n<p data-start=\"565\" data-end=\"828\">End\u00fcstriyel Epson i3200 bask\u0131 kafas\u0131na sahip bu s\u00fcblimasyon dijital bask\u0131 makinesi, \u00e7ift tarafl\u0131 \u015feffaf bayraklar, renkli afi\u015fler, saten kuma\u015flar, g\u00fcm\u00fc\u015f kaz\u0131mal\u0131 kuma\u015flar, s\u00fcblimasyon ka\u011f\u0131tlar\u0131 ve benzeri bir\u00e7ok medyada y\u00fcksek kalitede ve detayl\u0131 bask\u0131lar sa\u011flar.<\/p>\n<p data-start=\"830\" data-end=\"1151\">Makine, k\u0131r\u0131\u015f\u0131kl\u0131k \u00f6nleyici kuma\u015f s\u00fcrme sistemi ve ayarlanabilir bask\u0131 h\u0131z\u0131 ile donat\u0131lm\u0131\u015ft\u0131r. Otomatik senkronize toplama fonksiyonu sayesinde s\u00fcrekli bask\u0131 al\u0131nabilir. Solma yapmayan s\u00fcblimasyon m\u00fcrekkebi kullan\u0131m\u0131 sayesinde, bask\u0131lar uzun \u00f6m\u00fcrl\u00fc ve canl\u0131 kal\u0131r. B\u00fcy\u00fck m\u00fcrekkep tank\u0131 ile kesintisiz bask\u0131 deste\u011fi sunar.<\/p>\n<h3><strong><span class=\"OYPEnA font-feature-liga-off font-feature-clig-off font-feature-calt-off text-decoration-none text-strikethrough-none\"><img loading=\"lazy\" decoding=\"async\" class=\"aligncenter size-full wp-image-852\" src=\"http:\/\/www.compassreklam.com\/wp-content\/uploads\/2025\/08\/1699168537251897-2.png\" alt=\"\" width=\"900\" height=\"666\" \/><\/span><\/strong><\/h3>\n<h3 style=\"font-family: 'Roboto Condensed', 'Helvetica Neue', helvetica, arial, sans-serif;\"><\/h3>\n<h3><strong><span class=\"OYPEnA font-feature-liga-off font-feature-clig-off font-feature-calt-off text-decoration-none text-strikethrough-none\">\u00dcR\u00dcN DETAYLARI A\u00c7IKLAMASI<\/span><\/strong><\/h3>\n<ul>\n<li><span class=\"OYPEnA font-feature-liga-off font-feature-clig-off font-feature-calt-off text-decoration-none text-strikethrough-none\">\u00c7ift tarafl\u0131 \u015feffaf bayraklar, renkli afi\u015fler, saten, g\u00fcm\u00fc\u015f kaz\u0131mal\u0131 kuma\u015f, online g\u00fcm\u00fc\u015f kuma\u015f, s\u00fcblimasyon ka\u011f\u0131d\u0131 vb. bask\u0131lar i\u00e7in uygundur. K\u00fc\u00e7\u00fck partiler halinde \u00f6zelle\u015ftirilebilir.<\/span><\/li>\n<li><span class=\"OYPEnA font-feature-liga-off font-feature-clig-off font-feature-calt-off text-decoration-none text-strikethrough-none\">S\u00fcrekli ve d\u00fczg\u00fcn bask\u0131 i\u00e7in geni\u015fletilmi\u015f i\u015flev se\u00e7ene\u011fi mevcuttur, katlanma yapmaz.<\/span><\/li>\n<li><span class=\"OYPEnA font-feature-liga-off font-feature-clig-off font-feature-calt-off text-decoration-none text-strikethrough-none\">Orijinal Epson 13200 end\u00fcstriyel bask\u0131 kafas\u0131, bask\u0131 g\u00f6r\u00fcnt\u00fcs\u00fc ince ve g\u00f6z al\u0131c\u0131d\u0131r.<\/span><\/li>\n<li><span class=\"OYPEnA font-feature-liga-off font-feature-clig-off font-feature-calt-off text-decoration-none text-strikethrough-none\">A\u011f\u0131r hizmet tipi makine, iyi stabilite, k\u0131r\u0131\u015f\u0131kl\u0131k \u00f6nleyici kuma\u015f, ayarlanabilir h\u0131z ve otomatik senkronize toplama \u00f6zelliklerine sahiptir.<\/span><\/li>\n<li><span class=\"OYPEnA font-feature-liga-off font-feature-clig-off font-feature-calt-off text-decoration-none text-strikethrough-none\">S\u00fcblimasyon m\u00fcrekkep bask\u0131s\u0131, solma yapmaz.<\/span><br \/>\n<h3 style=\"font-family: 'Roboto Condensed', 'Helvetica Neue', helvetica, arial, sans-serif;\"><strong><span class=\"OYPEnA font-feature-liga-off font-feature-clig-off font-feature-calt-off text-decoration-none text-strikethrough-none\"><img loading=\"lazy\" decoding=\"async\" class=\"aligncenter size-large wp-image-853\" src=\"http:\/\/www.compassreklam.com\/wp-content\/uploads\/2025\/08\/XL1300WX-1024x975.png\" alt=\"\" width=\"1024\" height=\"975\" \/><\/span><\/strong><\/h3>\n<p data-start=\"1153\" data-end=\"1177\"><strong data-start=\"1153\" data-end=\"1175\">Kullan\u0131m Alanlar\u0131:<\/strong><\/p>\n<ul data-start=\"1178\" data-end=\"1362\">\n<li data-start=\"1178\" data-end=\"1199\">\n<p data-start=\"1180\" data-end=\"1199\">Tekstil firmalar\u0131<\/p>\n<\/li>\n<li data-start=\"1200\" data-end=\"1222\">\n<p data-start=\"1202\" data-end=\"1222\">Bayrak \u00fcreticileri<\/p>\n<\/li>\n<li data-start=\"1223\" data-end=\"1243\">\n<p data-start=\"1225\" data-end=\"1243\">Reklam ajanslar\u0131<\/p>\n<\/li>\n<li data-start=\"1244\" data-end=\"1273\">\n<p data-start=\"1246\" data-end=\"1273\">Etkinlik organizasyonlar\u0131<\/p>\n<\/li>\n<li data-start=\"1274\" data-end=\"1308\">\n<p data-start=\"1276\" data-end=\"1308\">Kurumsal promosyon \u00fcreticileri<\/p>\n<\/li>\n<li data-start=\"1309\" data-end=\"1362\">\n<p data-start=\"1311\" data-end=\"1362\">Saten, polyester ve s\u00fcblimasyon ka\u011f\u0131d\u0131 bask\u0131 i\u015fleri<\/p>\n<\/li>\n<\/ul>\n<p data-start=\"1364\" data-end=\"1491\">Antalya merkez \u00e7\u0131k\u0131\u015fl\u0131 olarak g\u00f6nderim sa\u011flan\u0131r. T\u00fcm T\u00fcrkiye\u2019ye <strong data-start=\"1428\" data-end=\"1446\">\u00fccretsiz kargo<\/strong> ve <strong data-start=\"1450\" data-end=\"1472\">7\/24 teknik destek<\/strong> hizmeti mevcuttur.<\/p>\n<p><strong><span class=\"OYPEnA font-feature-liga-off font-feature-clig-off font-feature-calt-off text-decoration-none text-strikethrough-none\">\u00a0<\/span><\/strong><\/li>\n<\/ul>\n","protected":false},"excerpt":{"rendered":"<h3 data-start=\"565\" data-end=\"828\"><strong>S\u00fcblimasyon Dijital Bask\u0131 Makinesi\u2013 Kuma\u015f, Bayrak, Afi\u015f Bask\u0131 i\u00e7in End\u00fcstriyel \u00c7\u00f6z\u00fcm Compass Reklam<\/strong><\/h3>\n<p data-start=\"565\" data-end=\"828\">End\u00fcstriyel Epson i3200 bask\u0131 kafas\u0131na sahip bu s\u00fcblimasyon dijital bask\u0131 makinesi, \u00e7ift tarafl\u0131 \u015feffaf bayraklar, renkli afi\u015fler, saten kuma\u015flar, g\u00fcm\u00fc\u015f kaz\u0131mal\u0131 kuma\u015flar, s\u00fcblimasyon ka\u011f\u0131tlar\u0131 ve benzeri bir\u00e7ok medyada y\u00fcksek kalitede ve detayl\u0131 bask\u0131lar sa\u011flar.<\/p>\n<p data-start=\"830\" data-end=\"1151\">Makine, k\u0131r\u0131\u015f\u0131kl\u0131k \u00f6nleyici kuma\u015f s\u00fcrme sistemi ve ayarlanabilir bask\u0131 h\u0131z\u0131 ile donat\u0131lm\u0131\u015ft\u0131r. Otomatik senkronize toplama fonksiyonu sayesinde s\u00fcrekli bask\u0131 al\u0131nabilir. Solma yapmayan s\u00fcblimasyon m\u00fcrekkebi kullan\u0131m\u0131 sayesinde, bask\u0131lar uzun \u00f6m\u00fcrl\u00fc ve canl\u0131 kal\u0131r. B\u00fcy\u00fck m\u00fcrekkep tank\u0131 ile kesintisiz bask\u0131 deste\u011fi sunar.<\/p>\n","protected":false},"featured_media":925,"comment_status":"open","ping_status":"closed","template":"","meta":{"saved_in_kubio":false},"product_brand":[28],"product_cat":[29],"product_tag":[30,31,32,33,34,35,36,37,38,39,40],"class_list":{"0":"post-884","1":"product","2":"type-product","3":"status-publish","4":"has-post-thumbnail","6":"product_brand-compass","7":"product_cat-baski-makineleri","8":"product_tag-10-yil-parca-temin-garantisi","9":"product_tag-7-24-teknik-destek","10":"product_tag-baski-teknolojisi","11":"product_tag-dijital-baski-makinesi","12":"product_tag-eco-solvent","13":"product_tag-endustriyel-baski","14":"product_tag-hizli-baski","15":"product_tag-i3200-kafali-makine","16":"product_tag-kredi-karti-taksit","17":"product_tag-ucretsiz-kurulum","18":"product_tag-yuksek-cozunurluk","20":"first","21":"outofstock","22":"sale","23":"shipping-taxable","24":"purchasable","25":"product-type-simple"},"jetpack_sharing_enabled":true,"_links":{"self":[{"href":"https:\/\/folyokesimmakinesi.com\/index.php\/wp-json\/wp\/v2\/product\/884","targetHints":{"allow":["GET"]}}],"collection":[{"href":"https:\/\/folyokesimmakinesi.com\/index.php\/wp-json\/wp\/v2\/product"}],"about":[{"href":"https:\/\/folyokesimmakinesi.com\/index.php\/wp-json\/wp\/v2\/types\/product"}],"replies":[{"embeddable":true,"href":"https:\/\/folyokesimmakinesi.com\/index.php\/wp-json\/wp\/v2\/comments?post=884"}],"wp:featuredmedia":[{"embeddable":true,"href":"https:\/\/folyokesimmakinesi.com\/index.php\/wp-json\/wp\/v2\/media\/925"}],"wp:attachment":[{"href":"https:\/\/folyokesimmakinesi.com\/index.php\/wp-json\/wp\/v2\/media?parent=884"}],"wp:term":[{"taxonomy":"product_brand","embeddable":true,"href":"https:\/\/folyokesimmakinesi.com\/index.php\/wp-json\/wp\/v2\/product_brand?post=884"},{"taxonomy":"product_cat","embeddable":true,"href":"https:\/\/folyokesimmakinesi.com\/index.php\/wp-json\/wp\/v2\/product_cat?post=884"},{"taxonomy":"product_tag","embeddable":true,"href":"https:\/\/folyokesimmakinesi.com\/index.php\/wp-json\/wp\/v2\/product_tag?post=884"}],"curies":[{"name":"wp","href":"https:\/\/api.w.org\/{rel}","templated":true}]}}