{"id":941,"date":"2025-08-18T10:38:46","date_gmt":"2025-08-18T07:38:46","guid":{"rendered":"https:\/\/www.compassreklam.com\/?post_type=product&#038;p=941"},"modified":"2025-12-05T10:32:38","modified_gmt":"2025-12-05T10:32:38","slug":"folyo-kesim-makinesi-plotter-optik-kamera-135cm-net-kesim-alani-profesyonel","status":"publish","type":"product","link":"https:\/\/folyokesimmakinesi.com\/index.php\/urun\/folyo-kesim-makinesi-plotter-optik-kamera-135cm-net-kesim-alani-profesyonel\/","title":{"rendered":"Folyo Kesim Makinesi plotter &#8211; Kamera-135cm Net Kesim Alan\u0131-Profesyonel"},"content":{"rendered":"<h3 class=\"wp-block wp-block-kubio-heading position-relative wp-block-kubio-heading__text style-VM9cji3-74-text style-local-3-text\" style=\"text-align: center;\" data-kubio=\"kubio\/heading\">Profesyonel Folyo Kesim Makinesi Plotter \u2013 Compass Reklam<\/h3>\n<p style=\"text-align: center;\" data-start=\"377\" data-end=\"774\"><strong data-start=\"377\" data-end=\"424\">Compass Reklam Folyo Kesim Makinesi Plotter<\/strong><\/p>\n<p style=\"text-align: center;\" data-start=\"377\" data-end=\"774\">profesyonel ve end\u00fcstriyel kullan\u0131m i\u00e7in \u00f6zel olarak tasarlanm\u0131\u015f y\u00fcksek performansl\u0131 bir kesici makinad\u0131r. Dijital bask\u0131 kesimi, folyo etiket kesimi, tekstil transferi (flex ve reflektif folyo) gibi yo\u011fun i\u015flerde maksimum verim sa\u011flar. Uzun \u00f6m\u00fcrl\u00fc yap\u0131s\u0131, hassas kesim teknolojisi ve geli\u015fmi\u015f yaz\u0131l\u0131m deste\u011fi ile \u00fcretiminizi bir \u00fcst seviyeye ta\u015f\u0131r.<\/p>\n<figure class=\"wp-block wp-block-kubio-image position-relative wp-block-kubio-image__outer style-idEUVUFWUUL-outer style-local-14-outer size-full align-items-center\" data-kubio=\"kubio\/image\">\n<div class=\"position-relative wp-block-kubio-image__captionContainer style-idEUVUFWUUL-captionContainer style-local-14-captionContainer\">\n<div class=\"position-relative wp-block-kubio-image__frameContainer style-idEUVUFWUUL-frameContainer style-local-14-frameContainer\">\n<p><img loading=\"lazy\" decoding=\"async\" class=\"size-medium wp-image-1414 aligncenter\" src=\"https:\/\/folyokesimmakinesi.com\/wp-content\/uploads\/2025\/12\/1-1-300x300.png\" alt=\"\" width=\"300\" height=\"300\" srcset=\"https:\/\/folyokesimmakinesi.com\/wp-content\/uploads\/2025\/12\/1-1-300x300.png 300w, https:\/\/folyokesimmakinesi.com\/wp-content\/uploads\/2025\/12\/1-1-1024x1024.png 1024w, https:\/\/folyokesimmakinesi.com\/wp-content\/uploads\/2025\/12\/1-1-150x150.png 150w, https:\/\/folyokesimmakinesi.com\/wp-content\/uploads\/2025\/12\/1-1-768x768.png 768w, https:\/\/folyokesimmakinesi.com\/wp-content\/uploads\/2025\/12\/1-1-600x600.png 600w, https:\/\/folyokesimmakinesi.com\/wp-content\/uploads\/2025\/12\/1-1-100x100.png 100w, https:\/\/folyokesimmakinesi.com\/wp-content\/uploads\/2025\/12\/1-1.png 1080w\" sizes=\"(max-width: 300px) 100vw, 300px\" \/><img loading=\"lazy\" decoding=\"async\" class=\"aligncenter size-full wp-image-971\" src=\"http:\/\/www.compassreklam.com\/wp-content\/uploads\/2025\/08\/plotter-aciklama-124-1.png\" alt=\"\" width=\"940\" height=\"406\" \/><\/p>\n<\/div>\n<\/div>\n<\/figure>\n<div class=\"wp-block wp-block-kubio-row position-relative wp-block-kubio-row__container style-9W1aLuAQWdL-container style-local-15-container gutters-row-lg-0 gutters-row-v-lg-0 gutters-row-md-0 gutters-row-v-md-0 gutters-row-2 gutters-row-v-2\" style=\"text-align: center;\" data-kubio=\"kubio\/row\">\n<div class=\"position-relative wp-block-kubio-row__inner style-9W1aLuAQWdL-inner style-local-15-inner h-row align-items-lg-stretch align-items-md-stretch align-items-stretch justify-content-lg-center justify-content-md-center justify-content-center gutters-col-lg-0 gutters-col-v-lg-0 gutters-col-md-0 gutters-col-v-md-0 gutters-col-2 gutters-col-v-2\">\n<div class=\"wp-block wp-block-kubio-column position-relative wp-block-kubio-column__container style-jn-qeXdJW5W-container style-local-16-container d-flex h-col-lg-auto h-col-md-auto h-col-auto\" data-kubio=\"kubio\/column\">\n<div class=\"position-relative wp-block-kubio-column__inner style-jn-qeXdJW5W-inner style-local-16-inner d-flex h-flex-basis h-px-lg-3 v-inner-lg-3 h-px-md-3 v-inner-md-3 h-px-2 v-inner-2\">\n<div class=\"background-wrapper\" style=\"text-align: center;\">\n<div class=\"background-layer background-layer-media-container-lg\"><\/div>\n<\/div>\n<div class=\"position-relative wp-block-kubio-column__align style-jn-qeXdJW5W-align style-local-16-align h-y-container h-column__content h-column__v-align flex-basis-100 align-self-lg-start align-self-md-start align-self-start\">\n<h3 data-start=\"781\" data-end=\"833\"><strong data-start=\"785\" data-end=\"833\">\u00d6ne \u00c7\u0131kan Teknik \u00d6zellikler:<\/strong><\/h3>\n<ul data-start=\"835\" data-end=\"1483\">\n<li data-start=\"835\" data-end=\"895\">\n<p data-start=\"837\" data-end=\"895\"><strong data-start=\"837\" data-end=\"863\">Step\/servo Motor Teknolojisi<\/strong> ile y\u00fcksek hassasiyetli kesim<\/p>\n<\/li>\n<li data-start=\"896\" data-end=\"962\">\n<p data-start=\"898\" data-end=\"962\"><strong data-start=\"898\" data-end=\"924\">124 cm net kesim alan\u0131<\/strong> ile geni\u015f y\u00fczeylerde \u00e7al\u0131\u015fma imkan\u0131<\/p>\n<\/li>\n<li data-start=\"963\" data-end=\"1029\">\n<p data-start=\"965\" data-end=\"1029\"><strong data-start=\"965\" data-end=\"1001\">6 tekerlekli Pin\u00e7 Roller Sistemi<\/strong> \u2013 malzeme kaymas\u0131n\u0131 \u00f6nler<\/p>\n<\/li>\n<li data-start=\"1030\" data-end=\"1091\">\n<p data-start=\"1032\" data-end=\"1091\"><strong data-start=\"1032\" data-end=\"1067\">\u00a0Kamera Destekli Optik Okuma<\/strong> (Bas-Kes teknolojisi)<\/p>\n<\/li>\n<li data-start=\"1092\" data-end=\"1138\">\n<p data-start=\"1094\" data-end=\"1138\"><strong data-start=\"1094\" data-end=\"1136\">10 metreye kadar d\u00fczg\u00fcn malzeme takibi<\/strong><\/p>\n<\/li>\n<li data-start=\"1139\" data-end=\"1193\">\n<p data-start=\"1141\" data-end=\"1193\"><strong data-start=\"1141\" data-end=\"1165\">800 mm\/sn kesim h\u0131z\u0131<\/strong> \u2013 h\u0131zl\u0131 ve verimli \u00fcretim<\/p>\n<\/li>\n<li data-start=\"1194\" data-end=\"1242\">\n<p data-start=\"1196\" data-end=\"1242\"><strong data-start=\"1196\" data-end=\"1240\">20-1000 gr aras\u0131nda ayarlanabilir bas\u0131n\u00e7<\/strong><\/p>\n<\/li>\n<li data-start=\"1243\" data-end=\"1284\">\n<p data-start=\"1245\" data-end=\"1284\"><strong data-start=\"1245\" data-end=\"1282\">Dayan\u0131kl\u0131 dokunmatik ekran paneli<\/strong><\/p>\n<\/li>\n<li data-start=\"1285\" data-end=\"1328\">\n<p data-start=\"1287\" data-end=\"1328\"><strong data-start=\"1287\" data-end=\"1326\">Kolay anla\u015f\u0131l\u0131r T\u00fcrk\u00e7e men\u00fc aray\u00fcz\u00fc<\/strong><\/p>\n<\/li>\n<li data-start=\"1329\" data-end=\"1386\">\n<p data-start=\"1331\" data-end=\"1386\"><strong data-start=\"1331\" data-end=\"1358\">Corel Draw entegrasyonu<\/strong> \u2013 direkt yaz\u0131l\u0131mdan kesim<\/p>\n<\/li>\n<li data-start=\"1387\" data-end=\"1442\">\n<p data-start=\"1389\" data-end=\"1442\"><strong data-start=\"1389\" data-end=\"1440\">Sing Master lisansl\u0131 profesyonel kesim program\u0131<\/strong><\/p>\n<\/li>\n<li data-start=\"1443\" data-end=\"1483\">\n<p data-start=\"1445\" data-end=\"1483\"><strong data-start=\"1445\" data-end=\"1483\">10 y\u0131l yedek par\u00e7a temin garantisi<\/strong><\/p>\n<\/li>\n<\/ul>\n<\/div>\n<\/div>\n<\/div>\n<p>&nbsp;<\/p>\n<\/div>\n<\/div>\n<p>https:\/\/folyokesimmakinesi.com\/urun\/plotter-folyo-kesici-60-cm-net-kesim-alani\/<\/p>\n<p>https:\/\/folyokesimmakinesi.com\/urun\/plotter-folyo-kesici\/<\/p>\n<p>https:\/\/folyokesimmakinesi.com\/urun\/urun\/<\/p>\n<h6 style=\"text-align: center;\" data-start=\"1574\" data-end=\"1604\"><\/h6>\n<h6 style=\"text-align: center;\" data-start=\"1574\" data-end=\"1604\"><\/h6>\n<h6 style=\"text-align: center;\" data-start=\"1574\" data-end=\"1604\"><\/h6>\n<h6 style=\"text-align: center;\" data-start=\"1574\" data-end=\"1604\"><\/h6>\n<h6 style=\"text-align: center;\" data-start=\"1574\" data-end=\"1604\"><\/h6>\n<h6 style=\"text-align: center;\" data-start=\"1574\" data-end=\"1604\"><\/h6>\n<h6 style=\"text-align: center;\" data-start=\"1574\" data-end=\"1604\"><\/h6>\n<h6 style=\"text-align: center;\" data-start=\"1574\" data-end=\"1604\"><\/h6>\n<h6 style=\"text-align: center;\" data-start=\"1574\" data-end=\"1604\"><\/h6>\n<h6 style=\"text-align: center;\" data-start=\"1574\" data-end=\"1604\"><\/h6>\n<h6 style=\"text-align: center;\" data-start=\"1574\" data-end=\"1604\"><\/h6>\n<h6 style=\"text-align: center;\" data-start=\"1574\" data-end=\"1604\"><\/h6>\n<h6 style=\"text-align: center;\" data-start=\"1574\" data-end=\"1604\"><\/h6>\n<h6 style=\"text-align: center;\" data-start=\"1574\" data-end=\"1604\">plotter folyo kesim makinesi profesyonel folyo kesici end\u00fcstriyel kesim makinesi dijital bask\u0131 kesim cihaz\u0131 reflektif folyo kesimi flex folyo kesim cihaz\u0131 optik okuyuculu plotter Corel Draw uyumlu kesim makinesi<\/h6>\n","protected":false},"excerpt":{"rendered":"<h3 class=\"wp-block wp-block-kubio-heading position-relative wp-block-kubio-heading__text style-VM9cji3-74-text style-local-3-text\" style=\"text-align: center;\" data-kubio=\"kubio\/heading\">Profesyonel Kesici Plotter Folyo Kesim Makinesi \u2013 Compass Reklam<\/h3>\n<p data-start=\"377\" data-end=\"774\"><strong data-start=\"377\" data-end=\"424\">Compass Reklam Plotter Folyo Kesim Makinesi<\/strong><\/p>\n<p data-start=\"377\" data-end=\"774\">profesyonel ve end\u00fcstriyel kullan\u0131m i\u00e7in \u00f6zel olarak tasarlanm\u0131\u015f y\u00fcksek performansl\u0131 bir kesici makinad\u0131r. Dijital bask\u0131 kesimi, folyo etiket kesimi, tekstil transferi (flex ve reflektif folyo) gibi yo\u011fun i\u015flerde maksimum verim sa\u011flar. Uzun \u00f6m\u00fcrl\u00fc yap\u0131s\u0131, hassas kesim teknolojisi ve geli\u015fmi\u015f yaz\u0131l\u0131m deste\u011fi ile \u00fcretiminizi bir \u00fcst seviyeye ta\u015f\u0131r.<\/p>\n","protected":false},"featured_media":1420,"comment_status":"open","ping_status":"closed","template":"","meta":{"saved_in_kubio":false},"product_brand":[28],"product_cat":[22],"product_tag":[23,24,25,26,27],"class_list":{"0":"post-941","1":"product","2":"type-product","3":"status-publish","4":"has-post-thumbnail","6":"product_brand-compass","7":"product_cat-plotter-folyo-kesici","8":"product_tag-compassreklam-eniyiplotter-plotteral-folyokesimmakinesial-reklamicinplotter-yenimodelplotter-kesimmakinesi2025","9":"product_tag-folyokesimmakinesi-plottermakinesi-folyokesim-vinilkesimmakinesi-reklammakinesi-kesimplotter-plottercihazi-reklammalzemeleri-dijitalbaski-folyokesici","10":"product_tag-plotterkesim-folyobaski-reklamkesimmakinesi-plotterfolyo-kesimmakinesi-plotterteknolojisi-kesimplottermakinesi-folyouygulama","11":"product_tag-reklamcilar-tabelaustasi-dijitalbaskici-antalyareklam-istanbulreklam-turkiyereklam-matbaamalzemeleri-reklamsektoru","12":"product_tag-servomotorplotter","14":"first","15":"instock","16":"sale","17":"shipping-taxable","18":"purchasable","19":"product-type-simple"},"jetpack_sharing_enabled":true,"_links":{"self":[{"href":"https:\/\/folyokesimmakinesi.com\/index.php\/wp-json\/wp\/v2\/product\/941","targetHints":{"allow":["GET"]}}],"collection":[{"href":"https:\/\/folyokesimmakinesi.com\/index.php\/wp-json\/wp\/v2\/product"}],"about":[{"href":"https:\/\/folyokesimmakinesi.com\/index.php\/wp-json\/wp\/v2\/types\/product"}],"replies":[{"embeddable":true,"href":"https:\/\/folyokesimmakinesi.com\/index.php\/wp-json\/wp\/v2\/comments?post=941"}],"wp:featuredmedia":[{"embeddable":true,"href":"https:\/\/folyokesimmakinesi.com\/index.php\/wp-json\/wp\/v2\/media\/1420"}],"wp:attachment":[{"href":"https:\/\/folyokesimmakinesi.com\/index.php\/wp-json\/wp\/v2\/media?parent=941"}],"wp:term":[{"taxonomy":"product_brand","embeddable":true,"href":"https:\/\/folyokesimmakinesi.com\/index.php\/wp-json\/wp\/v2\/product_brand?post=941"},{"taxonomy":"product_cat","embeddable":true,"href":"https:\/\/folyokesimmakinesi.com\/index.php\/wp-json\/wp\/v2\/product_cat?post=941"},{"taxonomy":"product_tag","embeddable":true,"href":"https:\/\/folyokesimmakinesi.com\/index.php\/wp-json\/wp\/v2\/product_tag?post=941"}],"curies":[{"name":"wp","href":"https:\/\/api.w.org\/{rel}","templated":true}]}}